{"id":77,"date":"2018-11-17T13:09:53","date_gmt":"2018-11-17T10:09:53","guid":{"rendered":"https:\/\/noralondon.com\/tr-en\/?page_id=77"},"modified":"2019-02-15T02:06:24","modified_gmt":"2019-02-14T23:06:24","slug":"renovation","status":"publish","type":"page","link":"https:\/\/noralondon.com\/tr\/renovation\/","title":{"rendered":"Renovations (Design&#038;Build)"},"content":{"rendered":"\t\t<div data-elementor-type=\"wp-post\" data-elementor-id=\"77\" class=\"elementor elementor-77 elementor-bc-flex-widget\" data-elementor-settings=\"[]\">\n\t\t\t\t\t\t<div class=\"elementor-inner\">\n\t\t\t\t\t\t\t<div class=\"elementor-section-wrap\">\n\t\t\t\t\t\t\t<section class=\"elementor-section elementor-top-section elementor-element elementor-element-9e7cccd elementor-section-boxed elementor-section-height-default elementor-section-height-default\" data-id=\"9e7cccd\" data-element_type=\"section\">\n\t\t\t\t\t\t<div class=\"elementor-container elementor-column-gap-default\">\n\t\t\t\t\t\t\t<div class=\"elementor-row\">\n\t\t\t\t\t<div class=\"elementor-column elementor-col-50 elementor-top-column elementor-element elementor-element-ba44a9f\" data-id=\"ba44a9f\" data-element_type=\"column\">\n\t\t\t<div class=\"elementor-column-wrap elementor-element-populated\">\n\t\t\t\t\t\t\t<div class=\"elementor-widget-wrap\">\n\t\t\t\t\t\t<div class=\"elementor-element elementor-element-0fe5497 elementor-widget elementor-widget-heading\" data-id=\"0fe5497\" data-element_type=\"widget\" data-widget_type=\"heading.default\">\n\t\t\t\t<div class=\"elementor-widget-container\">\n\t\t\t<h1 class=\"elementor-heading-title elementor-size-large\">Evinizi Yeniliyoruz<\/h1>\t\t<\/div>\n\t\t\t\t<\/div>\n\t\t\t\t\t\t<\/div>\n\t\t\t\t\t<\/div>\n\t\t<\/div>\n\t\t\t\t<div class=\"elementor-column elementor-col-50 elementor-top-column elementor-element elementor-element-49a4d05\" data-id=\"49a4d05\" data-element_type=\"column\">\n\t\t\t<div class=\"elementor-column-wrap\">\n\t\t\t\t\t\t\t<div class=\"elementor-widget-wrap\">\n\t\t\t\t\t\t\t\t<\/div>\n\t\t\t\t\t<\/div>\n\t\t<\/div>\n\t\t\t\t\t\t\t\t<\/div>\n\t\t\t\t\t<\/div>\n\t\t<\/section>\n\t\t\t\t<section class=\"elementor-section elementor-top-section elementor-element elementor-element-69bfe3c elementor-section-boxed elementor-section-height-default elementor-section-height-default\" data-id=\"69bfe3c\" data-element_type=\"section\">\n\t\t\t\t\t\t<div class=\"elementor-container elementor-column-gap-default\">\n\t\t\t\t\t\t\t<div class=\"elementor-row\">\n\t\t\t\t\t<div class=\"elementor-column elementor-col-100 elementor-top-column elementor-element elementor-element-bc0a34b\" data-id=\"bc0a34b\" data-element_type=\"column\">\n\t\t\t<div class=\"elementor-column-wrap elementor-element-populated\">\n\t\t\t\t\t\t\t<div class=\"elementor-widget-wrap\">\n\t\t\t\t\t\t<div class=\"elementor-element elementor-element-dc50792 elementor-widget-divider--view-line elementor-widget elementor-widget-divider\" data-id=\"dc50792\" data-element_type=\"widget\" data-widget_type=\"divider.default\">\n\t\t\t\t<div class=\"elementor-widget-container\">\n\t\t\t\t\t<div class=\"elementor-divider\">\n\t\t\t<span class=\"elementor-divider-separator\">\n\t\t\t\t\t\t<\/span>\n\t\t<\/div>\n\t\t\t\t<\/div>\n\t\t\t\t<\/div>\n\t\t\t\t\t\t<\/div>\n\t\t\t\t\t<\/div>\n\t\t<\/div>\n\t\t\t\t\t\t\t\t<\/div>\n\t\t\t\t\t<\/div>\n\t\t<\/section>\n\t\t\t\t<section class=\"elementor-section elementor-top-section elementor-element elementor-element-b6a7280 elementor-section-boxed elementor-section-height-default elementor-section-height-default\" data-id=\"b6a7280\" data-element_type=\"section\">\n\t\t\t\t\t\t<div class=\"elementor-container elementor-column-gap-default\">\n\t\t\t\t\t\t\t<div class=\"elementor-row\">\n\t\t\t\t\t<div class=\"elementor-column elementor-col-50 elementor-top-column elementor-element elementor-element-0181fed\" data-id=\"0181fed\" data-element_type=\"column\">\n\t\t\t<div class=\"elementor-column-wrap elementor-element-populated\">\n\t\t\t\t\t\t\t<div class=\"elementor-widget-wrap\">\n\t\t\t\t\t\t<div class=\"elementor-element elementor-element-a83abae elementor-widget elementor-widget-text-editor\" data-id=\"a83abae\" data-element_type=\"widget\" data-widget_type=\"text-editor.default\">\n\t\t\t\t<div class=\"elementor-widget-container\">\n\t\t\t\t\t<div class=\"elementor-text-editor elementor-clearfix\"><p>Londra&#8217;da sunulan en iyi ev onar\u0131m\u0131n\u0131 ar\u0131yorsan\u0131z, deneyim ve uzmanl\u0131\u011f\u0131m\u0131z size her a\u015famada gerekli deste\u011fi verecektir. \u0130stisnai bir projeye ula\u015fmak i\u00e7in harika bir sicile sahibiz. M\u00fcteahhitlerimiz, onlara sundu\u011fumuz s\u00fcrekli i\u015f ak\u0131\u015f\u0131 nedeniyle, \u00e7al\u0131\u015fmay\u0131, m\u00fcmk\u00fcn oldu\u011funca rekabet\u00e7i piyasa fiyatlar\u0131na uygun olarak yaparlar.<\/p><\/div>\n\t\t\t\t<\/div>\n\t\t\t\t<\/div>\n\t\t\t\t<div class=\"elementor-element elementor-element-574d9c0 elementor-widget elementor-widget-heading\" data-id=\"574d9c0\" data-element_type=\"widget\" data-widget_type=\"heading.default\">\n\t\t\t\t<div class=\"elementor-widget-container\">\n\t\t\t<h1 class=\"elementor-heading-title elementor-size-large\">Nora Londra Tamamen Kapsaml\u0131 Ve Uygun Maliyetli \u00c7\u00f6z\u00fcmler Sunar<\/h1>\t\t<\/div>\n\t\t\t\t<\/div>\n\t\t\t\t<div class=\"elementor-element elementor-element-109b7f3 elementor-widget elementor-widget-image\" data-id=\"109b7f3\" data-element_type=\"widget\" data-widget_type=\"image.default\">\n\t\t\t\t<div class=\"elementor-widget-container\">\n\t\t\t\t\t<div class=\"elementor-image\">\n\t\t\t\t\t\t\t\t\t\t<img width=\"1000\" height=\"667\" src=\"https:\/\/noralondon.com\/tr\/wp-content\/uploads\/2018\/11\/22-2.jpg\" class=\"attachment-large size-large\" alt=\"\" srcset=\"https:\/\/noralondon.com\/tr\/wp-content\/uploads\/2018\/11\/22-2-200x133.jpg 200w, https:\/\/noralondon.com\/tr\/wp-content\/uploads\/2018\/11\/22-2-300x200.jpg 300w, https:\/\/noralondon.com\/tr\/wp-content\/uploads\/2018\/11\/22-2-400x267.jpg 400w, https:\/\/noralondon.com\/tr\/wp-content\/uploads\/2018\/11\/22-2-600x400.jpg 600w, https:\/\/noralondon.com\/tr\/wp-content\/uploads\/2018\/11\/22-2-768x512.jpg 768w, https:\/\/noralondon.com\/tr\/wp-content\/uploads\/2018\/11\/22-2-800x534.jpg 800w, https:\/\/noralondon.com\/tr\/wp-content\/uploads\/2018\/11\/22-2.jpg 1000w\" sizes=\"(max-width: 1000px) 100vw, 1000px\" \/>\t\t\t\t\t\t\t\t\t\t\t<\/div>\n\t\t\t\t<\/div>\n\t\t\t\t<\/div>\n\t\t\t\t\t\t<\/div>\n\t\t\t\t\t<\/div>\n\t\t<\/div>\n\t\t\t\t<div class=\"elementor-column elementor-col-50 elementor-top-column elementor-element elementor-element-bc8322a\" data-id=\"bc8322a\" data-element_type=\"column\">\n\t\t\t<div class=\"elementor-column-wrap elementor-element-populated\">\n\t\t\t\t\t\t\t<div class=\"elementor-widget-wrap\">\n\t\t\t\t\t\t<div class=\"elementor-element elementor-element-bbb3543 elementor-widget elementor-widget-image\" data-id=\"bbb3543\" data-element_type=\"widget\" data-widget_type=\"image.default\">\n\t\t\t\t<div class=\"elementor-widget-container\">\n\t\t\t\t\t<div class=\"elementor-image\">\n\t\t\t\t\t\t\t\t\t\t<img width=\"1000\" height=\"667\" src=\"https:\/\/noralondon.com\/tr\/wp-content\/uploads\/2018\/11\/5-4.jpg\" class=\"attachment-large size-large\" alt=\"\" srcset=\"https:\/\/noralondon.com\/tr\/wp-content\/uploads\/2018\/11\/5-4-200x133.jpg 200w, https:\/\/noralondon.com\/tr\/wp-content\/uploads\/2018\/11\/5-4-300x200.jpg 300w, https:\/\/noralondon.com\/tr\/wp-content\/uploads\/2018\/11\/5-4-400x267.jpg 400w, https:\/\/noralondon.com\/tr\/wp-content\/uploads\/2018\/11\/5-4-600x400.jpg 600w, https:\/\/noralondon.com\/tr\/wp-content\/uploads\/2018\/11\/5-4-768x512.jpg 768w, https:\/\/noralondon.com\/tr\/wp-content\/uploads\/2018\/11\/5-4-800x534.jpg 800w, https:\/\/noralondon.com\/tr\/wp-content\/uploads\/2018\/11\/5-4.jpg 1000w\" sizes=\"(max-width: 1000px) 100vw, 1000px\" \/>\t\t\t\t\t\t\t\t\t\t\t<\/div>\n\t\t\t\t<\/div>\n\t\t\t\t<\/div>\n\t\t\t\t<div class=\"elementor-element elementor-element-209f069 elementor-widget elementor-widget-text-editor\" data-id=\"209f069\" data-element_type=\"widget\" data-widget_type=\"text-editor.default\">\n\t\t\t\t<div class=\"elementor-widget-container\">\n\t\t\t\t\t<div class=\"elementor-text-editor elementor-clearfix\"><p>K\u00fc\u00e7\u00fck evlerin yan\u0131 s\u0131ra m\u00fcstakil binalar\u0131nda yenilenmesinde de deneyimlerimiz mevcuttur. Baz\u0131 tadilatlar\u0131n planlama iznine ihtiyac\u0131 yok, ancak her \u015feyin yasal olaca\u011f\u0131ndan emin olabilirsiniz.<\/p><p>Nora Londra&#8217;da esnekli\u011fimizden dolay\u0131 kendimizle gurur duyuyoruz. Sayg\u0131n m\u00fcteahhitlerle \u00e7al\u0131\u015f\u0131rken ayn\u0131 zamanda sizin se\u00e7ti\u011finiz bir mimar ile \u00e7al\u0131\u015fabilir veya \u015fahsi fikirlerinize hayat vermenize yard\u0131mc\u0131 olacak mimari hizmetler de sa\u011flayabiliriz.<\/p><\/div>\n\t\t\t\t<\/div>\n\t\t\t\t<\/div>\n\t\t\t\t<div class=\"elementor-element elementor-element-3b06ba6 elementor-widget-divider--view-line elementor-widget elementor-widget-divider\" data-id=\"3b06ba6\" data-element_type=\"widget\" data-widget_type=\"divider.default\">\n\t\t\t\t<div class=\"elementor-widget-container\">\n\t\t\t\t\t<div class=\"elementor-divider\">\n\t\t\t<span class=\"elementor-divider-separator\">\n\t\t\t\t\t\t<\/span>\n\t\t<\/div>\n\t\t\t\t<\/div>\n\t\t\t\t<\/div>\n\t\t\t\t\t\t<\/div>\n\t\t\t\t\t<\/div>\n\t\t<\/div>\n\t\t\t\t\t\t\t\t<\/div>\n\t\t\t\t\t<\/div>\n\t\t<\/section>\n\t\t\t\t\t\t<\/div>\n\t\t\t\t\t\t<\/div>\n\t\t\t\t\t<\/div>\n\t\t","protected":false},"excerpt":{"rendered":"<p>Evinizi Yeniliyoruz Londra&#8217;da sunulan en iyi ev onar\u0131m\u0131n\u0131 ar\u0131yorsan\u0131z, deneyim [&hellip;]<\/p>\n","protected":false},"author":1,"featured_media":0,"parent":0,"menu_order":0,"comment_status":"closed","ping_status":"closed","template":"","meta":[],"_links":{"self":[{"href":"https:\/\/noralondon.com\/tr\/wp-json\/wp\/v2\/pages\/77"}],"collection":[{"href":"https:\/\/noralondon.com\/tr\/wp-json\/wp\/v2\/pages"}],"about":[{"href":"https:\/\/noralondon.com\/tr\/wp-json\/wp\/v2\/types\/page"}],"author":[{"embeddable":true,"href":"https:\/\/noralondon.com\/tr\/wp-json\/wp\/v2\/users\/1"}],"replies":[{"embeddable":true,"href":"https:\/\/noralondon.com\/tr\/wp-json\/wp\/v2\/comments?post=77"}],"version-history":[{"count":17,"href":"https:\/\/noralondon.com\/tr\/wp-json\/wp\/v2\/pages\/77\/revisions"}],"predecessor-version":[{"id":2338,"href":"https:\/\/noralondon.com\/tr\/wp-json\/wp\/v2\/pages\/77\/revisions\/2338"}],"wp:attachment":[{"href":"https:\/\/noralondon.com\/tr\/wp-json\/wp\/v2\/media?parent=77"}],"curies":[{"name":"wp","href":"https:\/\/api.w.org\/{rel}","templated":true}]}}