{"id":73,"date":"2018-11-17T13:08:23","date_gmt":"2018-11-17T10:08:23","guid":{"rendered":"https:\/\/noralondon.com\/tr-en\/?page_id=73"},"modified":"2019-02-15T02:08:37","modified_gmt":"2019-02-14T23:08:37","slug":"legal-advice","status":"publish","type":"page","link":"https:\/\/noralondon.com\/tr\/legal-advice\/","title":{"rendered":"Legal and Financial Advice"},"content":{"rendered":"\t\t<div data-elementor-type=\"wp-post\" data-elementor-id=\"73\" class=\"elementor elementor-73 elementor-bc-flex-widget\" data-elementor-settings=\"[]\">\n\t\t\t\t\t\t<div class=\"elementor-inner\">\n\t\t\t\t\t\t\t<div class=\"elementor-section-wrap\">\n\t\t\t\t\t\t\t<section class=\"elementor-section elementor-top-section elementor-element elementor-element-440539c elementor-section-boxed elementor-section-height-default elementor-section-height-default\" data-id=\"440539c\" data-element_type=\"section\">\n\t\t\t\t\t\t<div class=\"elementor-container elementor-column-gap-default\">\n\t\t\t\t\t\t\t<div class=\"elementor-row\">\n\t\t\t\t\t<div class=\"elementor-column elementor-col-50 elementor-top-column elementor-element elementor-element-4082987\" data-id=\"4082987\" data-element_type=\"column\">\n\t\t\t<div class=\"elementor-column-wrap elementor-element-populated\">\n\t\t\t\t\t\t\t<div class=\"elementor-widget-wrap\">\n\t\t\t\t\t\t<div class=\"elementor-element elementor-element-c64372b elementor-widget elementor-widget-heading\" data-id=\"c64372b\" data-element_type=\"widget\" data-widget_type=\"heading.default\">\n\t\t\t\t<div class=\"elementor-widget-container\">\n\t\t\t<h1 class=\"elementor-heading-title elementor-size-large\">Yat\u0131r\u0131m\u0131n\u0131za Bak\u0131yoruz<\/h1>\t\t<\/div>\n\t\t\t\t<\/div>\n\t\t\t\t\t\t<\/div>\n\t\t\t\t\t<\/div>\n\t\t<\/div>\n\t\t\t\t<div class=\"elementor-column elementor-col-50 elementor-top-column elementor-element elementor-element-a53f94b\" data-id=\"a53f94b\" data-element_type=\"column\">\n\t\t\t<div class=\"elementor-column-wrap\">\n\t\t\t\t\t\t\t<div class=\"elementor-widget-wrap\">\n\t\t\t\t\t\t\t\t<\/div>\n\t\t\t\t\t<\/div>\n\t\t<\/div>\n\t\t\t\t\t\t\t\t<\/div>\n\t\t\t\t\t<\/div>\n\t\t<\/section>\n\t\t\t\t<section class=\"elementor-section elementor-top-section elementor-element elementor-element-af6015e elementor-section-boxed elementor-section-height-default elementor-section-height-default\" data-id=\"af6015e\" data-element_type=\"section\">\n\t\t\t\t\t\t<div class=\"elementor-container elementor-column-gap-default\">\n\t\t\t\t\t\t\t<div class=\"elementor-row\">\n\t\t\t\t\t<div class=\"elementor-column elementor-col-100 elementor-top-column elementor-element elementor-element-b15d365\" data-id=\"b15d365\" data-element_type=\"column\">\n\t\t\t<div class=\"elementor-column-wrap elementor-element-populated\">\n\t\t\t\t\t\t\t<div class=\"elementor-widget-wrap\">\n\t\t\t\t\t\t<div class=\"elementor-element elementor-element-236f0bb elementor-widget-divider--view-line elementor-widget elementor-widget-divider\" data-id=\"236f0bb\" data-element_type=\"widget\" data-widget_type=\"divider.default\">\n\t\t\t\t<div class=\"elementor-widget-container\">\n\t\t\t\t\t<div class=\"elementor-divider\">\n\t\t\t<span class=\"elementor-divider-separator\">\n\t\t\t\t\t\t<\/span>\n\t\t<\/div>\n\t\t\t\t<\/div>\n\t\t\t\t<\/div>\n\t\t\t\t\t\t<\/div>\n\t\t\t\t\t<\/div>\n\t\t<\/div>\n\t\t\t\t\t\t\t\t<\/div>\n\t\t\t\t\t<\/div>\n\t\t<\/section>\n\t\t\t\t<section class=\"elementor-section elementor-top-section elementor-element elementor-element-4edc672 elementor-section-boxed elementor-section-height-default elementor-section-height-default\" data-id=\"4edc672\" data-element_type=\"section\">\n\t\t\t\t\t\t<div class=\"elementor-container elementor-column-gap-default\">\n\t\t\t\t\t\t\t<div class=\"elementor-row\">\n\t\t\t\t\t<div class=\"elementor-column elementor-col-50 elementor-top-column elementor-element elementor-element-df79c6b\" data-id=\"df79c6b\" data-element_type=\"column\">\n\t\t\t<div class=\"elementor-column-wrap elementor-element-populated\">\n\t\t\t\t\t\t\t<div class=\"elementor-widget-wrap\">\n\t\t\t\t\t\t<div class=\"elementor-element elementor-element-42c0117 elementor-widget elementor-widget-text-editor\" data-id=\"42c0117\" data-element_type=\"widget\" data-widget_type=\"text-editor.default\">\n\t\t\t\t<div class=\"elementor-widget-container\">\n\t\t\t\t\t<div class=\"elementor-text-editor elementor-clearfix\"><p>Bir ev almak veya satmak, ne t\u00fcr bir i\u015flemler gerektirdi\u011fini bilinmedi\u011finden g\u00f6z korkutucu olabilir. Yap\u0131lmas\u0131 gerekenleri zaman\u0131nda yerine getirmemek, masrafl\u0131 bir hataya d\u00f6n\u00fc\u015febilir. Bir profesyonel taraf\u0131ndan kesinlikle takip edilmesi gereken \u00e7ok say\u0131da yasal \u00e7al\u0131\u015fmada Nora London sizlere hizmet vermektedir.<\/p><p>Nora London, m\u00fc\u015fterilerimize m\u00fclk al\u0131\u015f sat\u0131\u015f\u0131, kira ve s\u00f6zle\u015fmelerle ilgili konularda yard\u0131mc\u0131 olabilecek en iyi vergi ve hukuk dan\u0131\u015fmanlar\u0131yla i\u015fbirli\u011fi i\u00e7inde \u00e7al\u0131\u015fmaktad\u0131r.<\/p><\/div>\n\t\t\t\t<\/div>\n\t\t\t\t<\/div>\n\t\t\t\t\t\t<\/div>\n\t\t\t\t\t<\/div>\n\t\t<\/div>\n\t\t\t\t<div class=\"elementor-column elementor-col-50 elementor-top-column elementor-element elementor-element-96a1ed3\" data-id=\"96a1ed3\" data-element_type=\"column\">\n\t\t\t<div class=\"elementor-column-wrap elementor-element-populated\">\n\t\t\t\t\t\t\t<div class=\"elementor-widget-wrap\">\n\t\t\t\t\t\t<div class=\"elementor-element elementor-element-fe7d79f elementor-widget elementor-widget-text-editor\" data-id=\"fe7d79f\" data-element_type=\"widget\" data-widget_type=\"text-editor.default\">\n\t\t\t\t<div class=\"elementor-widget-container\">\n\t\t\t\t\t<div class=\"elementor-text-editor elementor-clearfix\"><p>Nora London, ayr\u0131ca, ipotek ve kredilerle ilgili ba\u011f\u0131ms\u0131z tavsiyelerde bulunmaktan, bir Birle\u015fik Krall\u0131k banka hesab\u0131 a\u00e7maya kadar Birle\u015fik Krall\u0131k&#8217;taki faaliyetlerinizin tamam\u0131 \u015firket prensibi olarak gizli kalacak \u015fekilde gerekli t\u00fcm destekleri sa\u011flayacakt\u0131r.<\/p><\/div>\n\t\t\t\t<\/div>\n\t\t\t\t<\/div>\n\t\t\t\t\t\t<\/div>\n\t\t\t\t\t<\/div>\n\t\t<\/div>\n\t\t\t\t\t\t\t\t<\/div>\n\t\t\t\t\t<\/div>\n\t\t<\/section>\n\t\t\t\t<section class=\"elementor-section elementor-top-section elementor-element elementor-element-edecb03 elementor-section-boxed elementor-section-height-default elementor-section-height-default\" data-id=\"edecb03\" data-element_type=\"section\">\n\t\t\t\t\t\t<div class=\"elementor-container elementor-column-gap-default\">\n\t\t\t\t\t\t\t<div class=\"elementor-row\">\n\t\t\t\t\t<div class=\"elementor-column elementor-col-50 elementor-top-column elementor-element elementor-element-ae17285\" data-id=\"ae17285\" data-element_type=\"column\">\n\t\t\t<div class=\"elementor-column-wrap elementor-element-populated\">\n\t\t\t\t\t\t\t<div class=\"elementor-widget-wrap\">\n\t\t\t\t\t\t<div class=\"elementor-element elementor-element-345ebf7 elementor-widget elementor-widget-image\" data-id=\"345ebf7\" data-element_type=\"widget\" data-widget_type=\"image.default\">\n\t\t\t\t<div class=\"elementor-widget-container\">\n\t\t\t\t\t<div class=\"elementor-image\">\n\t\t\t\t\t\t\t\t\t\t<img width=\"820\" height=\"547\" src=\"https:\/\/noralondon.com\/tr\/wp-content\/uploads\/2018\/11\/12-6.jpg\" class=\"attachment-large size-large\" alt=\"\" srcset=\"https:\/\/noralondon.com\/tr\/wp-content\/uploads\/2018\/11\/12-6-200x133.jpg 200w, https:\/\/noralondon.com\/tr\/wp-content\/uploads\/2018\/11\/12-6-300x200.jpg 300w, https:\/\/noralondon.com\/tr\/wp-content\/uploads\/2018\/11\/12-6-400x267.jpg 400w, https:\/\/noralondon.com\/tr\/wp-content\/uploads\/2018\/11\/12-6-600x400.jpg 600w, https:\/\/noralondon.com\/tr\/wp-content\/uploads\/2018\/11\/12-6-768x512.jpg 768w, https:\/\/noralondon.com\/tr\/wp-content\/uploads\/2018\/11\/12-6-800x534.jpg 800w, https:\/\/noralondon.com\/tr\/wp-content\/uploads\/2018\/11\/12-6.jpg 820w\" sizes=\"(max-width: 820px) 100vw, 820px\" \/>\t\t\t\t\t\t\t\t\t\t\t<\/div>\n\t\t\t\t<\/div>\n\t\t\t\t<\/div>\n\t\t\t\t\t\t<\/div>\n\t\t\t\t\t<\/div>\n\t\t<\/div>\n\t\t\t\t<div class=\"elementor-column elementor-col-50 elementor-top-column elementor-element elementor-element-f2917e3\" data-id=\"f2917e3\" data-element_type=\"column\">\n\t\t\t<div class=\"elementor-column-wrap elementor-element-populated\">\n\t\t\t\t\t\t\t<div class=\"elementor-widget-wrap\">\n\t\t\t\t\t\t<div class=\"elementor-element elementor-element-7f95bb8 elementor-widget elementor-widget-image\" data-id=\"7f95bb8\" data-element_type=\"widget\" data-widget_type=\"image.default\">\n\t\t\t\t<div class=\"elementor-widget-container\">\n\t\t\t\t\t<div class=\"elementor-image\">\n\t\t\t\t\t\t\t\t\t\t<img width=\"1920\" height=\"1280\" src=\"https:\/\/noralondon.com\/tr\/wp-content\/uploads\/2018\/11\/legal-aid-kopya.jpg\" class=\"attachment-full size-full\" alt=\"\" srcset=\"https:\/\/noralondon.com\/tr\/wp-content\/uploads\/2018\/11\/legal-aid-kopya-200x133.jpg 200w, https:\/\/noralondon.com\/tr\/wp-content\/uploads\/2018\/11\/legal-aid-kopya-300x200.jpg 300w, https:\/\/noralondon.com\/tr\/wp-content\/uploads\/2018\/11\/legal-aid-kopya-400x267.jpg 400w, https:\/\/noralondon.com\/tr\/wp-content\/uploads\/2018\/11\/legal-aid-kopya-600x400.jpg 600w, https:\/\/noralondon.com\/tr\/wp-content\/uploads\/2018\/11\/legal-aid-kopya-768x512.jpg 768w, https:\/\/noralondon.com\/tr\/wp-content\/uploads\/2018\/11\/legal-aid-kopya-800x533.jpg 800w, https:\/\/noralondon.com\/tr\/wp-content\/uploads\/2018\/11\/legal-aid-kopya-1024x683.jpg 1024w, https:\/\/noralondon.com\/tr\/wp-content\/uploads\/2018\/11\/legal-aid-kopya-1200x800.jpg 1200w, https:\/\/noralondon.com\/tr\/wp-content\/uploads\/2018\/11\/legal-aid-kopya.jpg 1920w\" sizes=\"(max-width: 1920px) 100vw, 1920px\" \/>\t\t\t\t\t\t\t\t\t\t\t<\/div>\n\t\t\t\t<\/div>\n\t\t\t\t<\/div>\n\t\t\t\t\t\t<\/div>\n\t\t\t\t\t<\/div>\n\t\t<\/div>\n\t\t\t\t\t\t\t\t<\/div>\n\t\t\t\t\t<\/div>\n\t\t<\/section>\n\t\t\t\t<section class=\"elementor-section elementor-top-section elementor-element elementor-element-5c85515 elementor-section-boxed elementor-section-height-default elementor-section-height-default\" data-id=\"5c85515\" data-element_type=\"section\">\n\t\t\t\t\t\t<div class=\"elementor-container elementor-column-gap-default\">\n\t\t\t\t\t\t\t<div class=\"elementor-row\">\n\t\t\t\t\t<div class=\"elementor-column elementor-col-50 elementor-top-column elementor-element elementor-element-22ff5d9\" data-id=\"22ff5d9\" data-element_type=\"column\">\n\t\t\t<div class=\"elementor-column-wrap\">\n\t\t\t\t\t\t\t<div class=\"elementor-widget-wrap\">\n\t\t\t\t\t\t\t\t<\/div>\n\t\t\t\t\t<\/div>\n\t\t<\/div>\n\t\t\t\t<div class=\"elementor-column elementor-col-50 elementor-top-column elementor-element elementor-element-57609a6\" data-id=\"57609a6\" data-element_type=\"column\">\n\t\t\t<div class=\"elementor-column-wrap\">\n\t\t\t\t\t\t\t<div class=\"elementor-widget-wrap\">\n\t\t\t\t\t\t\t\t<\/div>\n\t\t\t\t\t<\/div>\n\t\t<\/div>\n\t\t\t\t\t\t\t\t<\/div>\n\t\t\t\t\t<\/div>\n\t\t<\/section>\n\t\t\t\t\t\t<\/div>\n\t\t\t\t\t\t<\/div>\n\t\t\t\t\t<\/div>\n\t\t","protected":false},"excerpt":{"rendered":"<p>Yat\u0131r\u0131m\u0131n\u0131za Bak\u0131yoruz Bir ev almak veya satmak, ne t\u00fcr bir [&hellip;]<\/p>\n","protected":false},"author":1,"featured_media":0,"parent":0,"menu_order":0,"comment_status":"closed","ping_status":"closed","template":"","meta":[],"_links":{"self":[{"href":"https:\/\/noralondon.com\/tr\/wp-json\/wp\/v2\/pages\/73"}],"collection":[{"href":"https:\/\/noralondon.com\/tr\/wp-json\/wp\/v2\/pages"}],"about":[{"href":"https:\/\/noralondon.com\/tr\/wp-json\/wp\/v2\/types\/page"}],"author":[{"embeddable":true,"href":"https:\/\/noralondon.com\/tr\/wp-json\/wp\/v2\/users\/1"}],"replies":[{"embeddable":true,"href":"https:\/\/noralondon.com\/tr\/wp-json\/wp\/v2\/comments?post=73"}],"version-history":[{"count":15,"href":"https:\/\/noralondon.com\/tr\/wp-json\/wp\/v2\/pages\/73\/revisions"}],"predecessor-version":[{"id":2341,"href":"https:\/\/noralondon.com\/tr\/wp-json\/wp\/v2\/pages\/73\/revisions\/2341"}],"wp:attachment":[{"href":"https:\/\/noralondon.com\/tr\/wp-json\/wp\/v2\/media?parent=73"}],"curies":[{"name":"wp","href":"https:\/\/api.w.org\/{rel}","templated":true}]}}