{"id":69,"date":"2018-11-17T13:06:40","date_gmt":"2018-11-17T10:06:40","guid":{"rendered":"https:\/\/noralondon.com\/tr-en\/?page_id=69"},"modified":"2019-02-15T02:08:05","modified_gmt":"2019-02-14T23:08:05","slug":"property-management","status":"publish","type":"page","link":"https:\/\/noralondon.com\/tr\/property-management\/","title":{"rendered":"Property Management"},"content":{"rendered":"\t\t<div data-elementor-type=\"wp-post\" data-elementor-id=\"69\" class=\"elementor elementor-69 elementor-bc-flex-widget\" data-elementor-settings=\"[]\">\n\t\t\t\t\t\t<div class=\"elementor-inner\">\n\t\t\t\t\t\t\t<div class=\"elementor-section-wrap\">\n\t\t\t\t\t\t\t<section class=\"elementor-section elementor-top-section elementor-element elementor-element-a7899c3 elementor-section-boxed elementor-section-height-default elementor-section-height-default\" data-id=\"a7899c3\" data-element_type=\"section\">\n\t\t\t\t\t\t<div class=\"elementor-container elementor-column-gap-default\">\n\t\t\t\t\t\t\t<div class=\"elementor-row\">\n\t\t\t\t\t<div class=\"elementor-column elementor-col-50 elementor-top-column elementor-element elementor-element-c7697cf\" data-id=\"c7697cf\" data-element_type=\"column\">\n\t\t\t<div class=\"elementor-column-wrap elementor-element-populated\">\n\t\t\t\t\t\t\t<div class=\"elementor-widget-wrap\">\n\t\t\t\t\t\t<div class=\"elementor-element elementor-element-086a009 elementor-widget elementor-widget-heading\" data-id=\"086a009\" data-element_type=\"widget\" data-widget_type=\"heading.default\">\n\t\t\t\t<div class=\"elementor-widget-container\">\n\t\t\t<h1 class=\"elementor-heading-title elementor-size-large\">Ki\u015fiselle\u015ftirilmi\u015f Y\u00f6netim Hizmeti<\/h1>\t\t<\/div>\n\t\t\t\t<\/div>\n\t\t\t\t\t\t<\/div>\n\t\t\t\t\t<\/div>\n\t\t<\/div>\n\t\t\t\t<div class=\"elementor-column elementor-col-50 elementor-top-column elementor-element elementor-element-4c74f72\" data-id=\"4c74f72\" data-element_type=\"column\">\n\t\t\t<div class=\"elementor-column-wrap\">\n\t\t\t\t\t\t\t<div class=\"elementor-widget-wrap\">\n\t\t\t\t\t\t\t\t<\/div>\n\t\t\t\t\t<\/div>\n\t\t<\/div>\n\t\t\t\t\t\t\t\t<\/div>\n\t\t\t\t\t<\/div>\n\t\t<\/section>\n\t\t\t\t<section class=\"elementor-section elementor-top-section elementor-element elementor-element-1955cbc elementor-section-boxed elementor-section-height-default elementor-section-height-default\" data-id=\"1955cbc\" data-element_type=\"section\">\n\t\t\t\t\t\t<div class=\"elementor-container elementor-column-gap-default\">\n\t\t\t\t\t\t\t<div class=\"elementor-row\">\n\t\t\t\t\t<div class=\"elementor-column elementor-col-100 elementor-top-column elementor-element elementor-element-25ef98f\" data-id=\"25ef98f\" data-element_type=\"column\">\n\t\t\t<div class=\"elementor-column-wrap elementor-element-populated\">\n\t\t\t\t\t\t\t<div class=\"elementor-widget-wrap\">\n\t\t\t\t\t\t<div class=\"elementor-element elementor-element-bfda525 elementor-widget-divider--view-line elementor-widget elementor-widget-divider\" data-id=\"bfda525\" data-element_type=\"widget\" data-widget_type=\"divider.default\">\n\t\t\t\t<div class=\"elementor-widget-container\">\n\t\t\t\t\t<div class=\"elementor-divider\">\n\t\t\t<span class=\"elementor-divider-separator\">\n\t\t\t\t\t\t<\/span>\n\t\t<\/div>\n\t\t\t\t<\/div>\n\t\t\t\t<\/div>\n\t\t\t\t\t\t<\/div>\n\t\t\t\t\t<\/div>\n\t\t<\/div>\n\t\t\t\t\t\t\t\t<\/div>\n\t\t\t\t\t<\/div>\n\t\t<\/section>\n\t\t\t\t<section class=\"elementor-section elementor-top-section elementor-element elementor-element-d7de757 elementor-section-boxed elementor-section-height-default elementor-section-height-default\" data-id=\"d7de757\" data-element_type=\"section\">\n\t\t\t\t\t\t<div class=\"elementor-container elementor-column-gap-default\">\n\t\t\t\t\t\t\t<div class=\"elementor-row\">\n\t\t\t\t\t<div class=\"elementor-column elementor-col-50 elementor-top-column elementor-element elementor-element-8dcb9f2\" data-id=\"8dcb9f2\" data-element_type=\"column\">\n\t\t\t<div class=\"elementor-column-wrap elementor-element-populated\">\n\t\t\t\t\t\t\t<div class=\"elementor-widget-wrap\">\n\t\t\t\t\t\t<div class=\"elementor-element elementor-element-0f20217 elementor-widget elementor-widget-text-editor\" data-id=\"0f20217\" data-element_type=\"widget\" data-widget_type=\"text-editor.default\">\n\t\t\t\t<div class=\"elementor-widget-container\">\n\t\t\t\t\t<div class=\"elementor-text-editor elementor-clearfix\"><p>Ev sahipleri i\u00e7in kapsaml\u0131 bir m\u00fclk y\u00f6netimi hizmeti sunuyoruz. Emlak devirleri boyunca, kamu hizmetleri devretmekten, g\u00fcvenlik kontrolleri d\u00fczenlemekten, kirac\u0131 sorgular\u0131n\u0131 ele almaya ve kirac\u0131l\u0131k s\u0131ras\u0131ndaki ev sahibi bak\u0131m y\u00fck\u00fcml\u00fcl\u00fcklerinizi yerine getirmeye kadar t\u00fcm s\u00fcreci y\u00f6netiyoruz.<\/p><p>Deneyimli ve ki\u015fiselle\u015ftirilmi\u015f bir y\u00f6netim hizmeti sa\u011flama avantaj\u0131na sahip olan Nora Londra, m\u00fclk\u00fcn\u00fczle ilgili her \u015feyi rekabet\u00e7i fiyatlarla sunuyoruz. Bu hizmet, ev sahipleri ve kirac\u0131lar i\u00e7in \u00f6zel gereksinimlere g\u00f6re d\u00fczenlenmi\u015f, ki\u015fiselle\u015ftirilmi\u015f hizmet olup olduk\u00e7a \u00f6nemlidir.<\/p><p>\u00a0<\/p><\/div>\n\t\t\t\t<\/div>\n\t\t\t\t<\/div>\n\t\t\t\t<div class=\"elementor-element elementor-element-7d2e0bf elementor-widget elementor-widget-heading\" data-id=\"7d2e0bf\" data-element_type=\"widget\" data-widget_type=\"heading.default\">\n\t\t\t\t<div class=\"elementor-widget-container\">\n\t\t\t<h1 class=\"elementor-heading-title elementor-size-large\">\u00d6zel ki\u015filer, \u00f6zel web siteleri ve yerel emlak acentalar\u0131 arac\u0131l\u0131\u011f\u0131yla Nora Londra olarak ayr\u0131ca uygun kirac\u0131lar\u0131 bulman\u0131za yard\u0131mc\u0131 oluyoruz<\/h1>\t\t<\/div>\n\t\t\t\t<\/div>\n\t\t\t\t<div class=\"elementor-element elementor-element-8bf5b66 elementor-widget elementor-widget-image\" data-id=\"8bf5b66\" data-element_type=\"widget\" data-widget_type=\"image.default\">\n\t\t\t\t<div class=\"elementor-widget-container\">\n\t\t\t\t\t<div class=\"elementor-image\">\n\t\t\t\t\t\t\t\t\t\t<img width=\"1000\" height=\"667\" src=\"https:\/\/noralondon.com\/tr\/wp-content\/uploads\/2018\/11\/1-3.jpg\" class=\"attachment-large size-large\" alt=\"\" srcset=\"https:\/\/noralondon.com\/tr\/wp-content\/uploads\/2018\/11\/1-3-200x133.jpg 200w, https:\/\/noralondon.com\/tr\/wp-content\/uploads\/2018\/11\/1-3-300x200.jpg 300w, https:\/\/noralondon.com\/tr\/wp-content\/uploads\/2018\/11\/1-3-400x267.jpg 400w, https:\/\/noralondon.com\/tr\/wp-content\/uploads\/2018\/11\/1-3-600x400.jpg 600w, https:\/\/noralondon.com\/tr\/wp-content\/uploads\/2018\/11\/1-3-768x512.jpg 768w, https:\/\/noralondon.com\/tr\/wp-content\/uploads\/2018\/11\/1-3-800x534.jpg 800w, https:\/\/noralondon.com\/tr\/wp-content\/uploads\/2018\/11\/1-3.jpg 1000w\" sizes=\"(max-width: 1000px) 100vw, 1000px\" \/>\t\t\t\t\t\t\t\t\t\t\t<\/div>\n\t\t\t\t<\/div>\n\t\t\t\t<\/div>\n\t\t\t\t\t\t<\/div>\n\t\t\t\t\t<\/div>\n\t\t<\/div>\n\t\t\t\t<div class=\"elementor-column elementor-col-50 elementor-top-column elementor-element elementor-element-297c7f4\" data-id=\"297c7f4\" data-element_type=\"column\">\n\t\t\t<div class=\"elementor-column-wrap elementor-element-populated\">\n\t\t\t\t\t\t\t<div class=\"elementor-widget-wrap\">\n\t\t\t\t\t\t<div class=\"elementor-element elementor-element-2f8a4a5 gallery-spacing-custom elementor-widget elementor-widget-image-gallery\" data-id=\"2f8a4a5\" data-element_type=\"widget\" data-widget_type=\"image-gallery.default\">\n\t\t\t\t<div class=\"elementor-widget-container\">\n\t\t\t\t\t<div class=\"elementor-image-gallery\">\n\t\t\t\n\t\t<style type=\"text\/css\">\n\t\t\t#gallery-1 {\n\t\t\t\tmargin: auto;\n\t\t\t}\n\t\t\t#gallery-1 .gallery-item {\n\t\t\t\tfloat: left;\n\t\t\t\tmargin-top: 10px;\n\t\t\t\ttext-align: center;\n\t\t\t\twidth: 50%;\n\t\t\t}\n\t\t\t#gallery-1 img {\n\t\t\t\tborder: 2px solid #cfcfcf;\n\t\t\t}\n\t\t\t#gallery-1 .gallery-caption {\n\t\t\t\tmargin-left: 0;\n\t\t\t}\n\t\t\t\/* see gallery_shortcode() in wp-includes\/media.php *\/\n\t\t<\/style>\n\t\t<div id='gallery-1' class='gallery galleryid-69 gallery-columns-2 gallery-size-full'><dl class='gallery-item'>\n\t\t\t<dt class='gallery-icon landscape'>\n\t\t\t\t<img width=\"600\" height=\"400\" src=\"https:\/\/noralondon.com\/tr\/wp-content\/uploads\/2018\/11\/4-7.jpg\" class=\"attachment-full size-full\" alt=\"\" srcset=\"https:\/\/noralondon.com\/tr\/wp-content\/uploads\/2018\/11\/4-7-200x133.jpg 200w, https:\/\/noralondon.com\/tr\/wp-content\/uploads\/2018\/11\/4-7-300x200.jpg 300w, https:\/\/noralondon.com\/tr\/wp-content\/uploads\/2018\/11\/4-7-400x267.jpg 400w, https:\/\/noralondon.com\/tr\/wp-content\/uploads\/2018\/11\/4-7.jpg 600w\" sizes=\"(max-width: 600px) 100vw, 600px\" \/>\n\t\t\t<\/dt><\/dl><dl class='gallery-item'>\n\t\t\t<dt class='gallery-icon landscape'>\n\t\t\t\t<img width=\"1000\" height=\"669\" src=\"https:\/\/noralondon.com\/tr\/wp-content\/uploads\/2018\/11\/16.jpg\" class=\"attachment-full size-full\" alt=\"\" srcset=\"https:\/\/noralondon.com\/tr\/wp-content\/uploads\/2018\/11\/16-200x134.jpg 200w, https:\/\/noralondon.com\/tr\/wp-content\/uploads\/2018\/11\/16-300x201.jpg 300w, https:\/\/noralondon.com\/tr\/wp-content\/uploads\/2018\/11\/16-400x268.jpg 400w, https:\/\/noralondon.com\/tr\/wp-content\/uploads\/2018\/11\/16-600x401.jpg 600w, https:\/\/noralondon.com\/tr\/wp-content\/uploads\/2018\/11\/16-768x514.jpg 768w, https:\/\/noralondon.com\/tr\/wp-content\/uploads\/2018\/11\/16-800x535.jpg 800w, https:\/\/noralondon.com\/tr\/wp-content\/uploads\/2018\/11\/16.jpg 1000w\" sizes=\"(max-width: 1000px) 100vw, 1000px\" \/>\n\t\t\t<\/dt><\/dl><br style=\"clear: both\" \/><dl class='gallery-item'>\n\t\t\t<dt class='gallery-icon landscape'>\n\t\t\t\t<img width=\"1000\" height=\"667\" src=\"https:\/\/noralondon.com\/tr\/wp-content\/uploads\/2018\/11\/2-1.jpg\" class=\"attachment-full size-full\" alt=\"\" srcset=\"https:\/\/noralondon.com\/tr\/wp-content\/uploads\/2018\/11\/2-1-200x133.jpg 200w, https:\/\/noralondon.com\/tr\/wp-content\/uploads\/2018\/11\/2-1-300x200.jpg 300w, https:\/\/noralondon.com\/tr\/wp-content\/uploads\/2018\/11\/2-1-400x267.jpg 400w, https:\/\/noralondon.com\/tr\/wp-content\/uploads\/2018\/11\/2-1-600x400.jpg 600w, https:\/\/noralondon.com\/tr\/wp-content\/uploads\/2018\/11\/2-1-768x512.jpg 768w, https:\/\/noralondon.com\/tr\/wp-content\/uploads\/2018\/11\/2-1-800x534.jpg 800w, https:\/\/noralondon.com\/tr\/wp-content\/uploads\/2018\/11\/2-1.jpg 1000w\" sizes=\"(max-width: 1000px) 100vw, 1000px\" \/>\n\t\t\t<\/dt><\/dl><dl class='gallery-item'>\n\t\t\t<dt class='gallery-icon landscape'>\n\t\t\t\t<img width=\"629\" height=\"428\" src=\"https:\/\/noralondon.com\/tr\/wp-content\/uploads\/2018\/11\/3.jpeg\" class=\"attachment-full size-full\" alt=\"\" srcset=\"https:\/\/noralondon.com\/tr\/wp-content\/uploads\/2018\/11\/3-200x136.jpeg 200w, https:\/\/noralondon.com\/tr\/wp-content\/uploads\/2018\/11\/3-300x204.jpeg 300w, https:\/\/noralondon.com\/tr\/wp-content\/uploads\/2018\/11\/3-400x272.jpeg 400w, https:\/\/noralondon.com\/tr\/wp-content\/uploads\/2018\/11\/3-600x408.jpeg 600w, https:\/\/noralondon.com\/tr\/wp-content\/uploads\/2018\/11\/3.jpeg 629w\" sizes=\"(max-width: 629px) 100vw, 629px\" \/>\n\t\t\t<\/dt><\/dl><br style=\"clear: both\" \/>\n\t\t<\/div>\n\t\t<\/div>\n\t\t\t\t<\/div>\n\t\t\t\t<\/div>\n\t\t\t\t<div class=\"elementor-element elementor-element-b20a7ab elementor-widget elementor-widget-heading\" data-id=\"b20a7ab\" data-element_type=\"widget\" data-widget_type=\"heading.default\">\n\t\t\t\t<div class=\"elementor-widget-container\">\n\t\t\t<h1 class=\"elementor-heading-title elementor-size-large\">M\u00fclk y\u00f6netimi hizmetlerimiz a\u015fa\u011f\u0131dakileri i\u00e7erir:<\/h1>\t\t<\/div>\n\t\t\t\t<\/div>\n\t\t\t\t<div class=\"elementor-element elementor-element-b2e5965 elementor-widget elementor-widget-text-editor\" data-id=\"b2e5965\" data-element_type=\"widget\" data-widget_type=\"text-editor.default\">\n\t\t\t\t<div class=\"elementor-widget-container\">\n\t\t\t\t\t<div class=\"elementor-text-editor elementor-clearfix\"><ul><li>Kiralama, Yenileme ve Kiralama hizmetleri ile ilgilenmek<\/li><li>Rutin onar\u0131mlar\u0131 d\u00fczenlemek ve onayl\u0131 y\u00fcklenicilere talimat vermek<\/li><li>Elektrik su gibi servis sa\u011flay\u0131c\u0131lar ile g\u00f6r\u00fc\u015fmeler yapmak<\/li><li>G\u00fcnl\u00fck y\u00f6netim hizmetleri ile ilgilenmek<\/li><\/ul><\/div>\n\t\t\t\t<\/div>\n\t\t\t\t<\/div>\n\t\t\t\t\t\t<\/div>\n\t\t\t\t\t<\/div>\n\t\t<\/div>\n\t\t\t\t\t\t\t\t<\/div>\n\t\t\t\t\t<\/div>\n\t\t<\/section>\n\t\t\t\t\t\t<\/div>\n\t\t\t\t\t\t<\/div>\n\t\t\t\t\t<\/div>\n\t\t","protected":false},"excerpt":{"rendered":"<p>Ki\u015fiselle\u015ftirilmi\u015f Y\u00f6netim Hizmeti Ev sahipleri i\u00e7in kapsaml\u0131 bir m\u00fclk y\u00f6netimi [&hellip;]<\/p>\n","protected":false},"author":1,"featured_media":0,"parent":0,"menu_order":0,"comment_status":"closed","ping_status":"closed","template":"","meta":[],"_links":{"self":[{"href":"https:\/\/noralondon.com\/tr\/wp-json\/wp\/v2\/pages\/69"}],"collection":[{"href":"https:\/\/noralondon.com\/tr\/wp-json\/wp\/v2\/pages"}],"about":[{"href":"https:\/\/noralondon.com\/tr\/wp-json\/wp\/v2\/types\/page"}],"author":[{"embeddable":true,"href":"https:\/\/noralondon.com\/tr\/wp-json\/wp\/v2\/users\/1"}],"replies":[{"embeddable":true,"href":"https:\/\/noralondon.com\/tr\/wp-json\/wp\/v2\/comments?post=69"}],"version-history":[{"count":15,"href":"https:\/\/noralondon.com\/tr\/wp-json\/wp\/v2\/pages\/69\/revisions"}],"predecessor-version":[{"id":2340,"href":"https:\/\/noralondon.com\/tr\/wp-json\/wp\/v2\/pages\/69\/revisions\/2340"}],"wp:attachment":[{"href":"https:\/\/noralondon.com\/tr\/wp-json\/wp\/v2\/media?parent=69"}],"curies":[{"name":"wp","href":"https:\/\/api.w.org\/{rel}","templated":true}]}}