{"id":56,"date":"2018-11-17T12:35:53","date_gmt":"2018-11-17T09:35:53","guid":{"rendered":"https:\/\/noralondon.com\/tr-en\/?page_id=54"},"modified":"2019-03-10T14:41:11","modified_gmt":"2019-03-10T11:41:11","slug":"property-search","status":"publish","type":"page","link":"https:\/\/noralondon.com\/tr\/property-search\/","title":{"rendered":"Property Search"},"content":{"rendered":"\t\t<div data-elementor-type=\"wp-post\" data-elementor-id=\"56\" class=\"elementor elementor-56 elementor-bc-flex-widget\" data-elementor-settings=\"[]\">\n\t\t\t\t\t\t<div class=\"elementor-inner\">\n\t\t\t\t\t\t\t<div class=\"elementor-section-wrap\">\n\t\t\t\t\t\t\t<section class=\"elementor-section elementor-top-section elementor-element elementor-element-9466fa9 elementor-section-boxed elementor-section-height-default elementor-section-height-default\" data-id=\"9466fa9\" data-element_type=\"section\">\n\t\t\t\t\t\t<div class=\"elementor-container elementor-column-gap-default\">\n\t\t\t\t\t\t\t<div class=\"elementor-row\">\n\t\t\t\t\t<div class=\"elementor-column elementor-col-50 elementor-top-column elementor-element elementor-element-e4fdcf0\" data-id=\"e4fdcf0\" data-element_type=\"column\">\n\t\t\t<div class=\"elementor-column-wrap elementor-element-populated\">\n\t\t\t\t\t\t\t<div class=\"elementor-widget-wrap\">\n\t\t\t\t\t\t<div class=\"elementor-element elementor-element-d64d2a5 elementor-widget elementor-widget-heading\" data-id=\"d64d2a5\" data-element_type=\"widget\" data-widget_type=\"heading.default\">\n\t\t\t\t<div class=\"elementor-widget-container\">\n\t\t\t<h1 class=\"elementor-heading-title elementor-size-large\">En Ba\u015f\u0131ndan \u0130tibaren Sizlerle<\/h1>\t\t<\/div>\n\t\t\t\t<\/div>\n\t\t\t\t\t\t<\/div>\n\t\t\t\t\t<\/div>\n\t\t<\/div>\n\t\t\t\t<div class=\"elementor-column elementor-col-50 elementor-top-column elementor-element elementor-element-ebaa023\" data-id=\"ebaa023\" data-element_type=\"column\">\n\t\t\t<div class=\"elementor-column-wrap\">\n\t\t\t\t\t\t\t<div class=\"elementor-widget-wrap\">\n\t\t\t\t\t\t\t\t<\/div>\n\t\t\t\t\t<\/div>\n\t\t<\/div>\n\t\t\t\t\t\t\t\t<\/div>\n\t\t\t\t\t<\/div>\n\t\t<\/section>\n\t\t\t\t<section class=\"elementor-section elementor-top-section elementor-element elementor-element-2919d42 elementor-section-boxed elementor-section-height-default elementor-section-height-default\" data-id=\"2919d42\" data-element_type=\"section\">\n\t\t\t\t\t\t<div class=\"elementor-container elementor-column-gap-default\">\n\t\t\t\t\t\t\t<div class=\"elementor-row\">\n\t\t\t\t\t<div class=\"elementor-column elementor-col-100 elementor-top-column elementor-element elementor-element-3b0ce93\" data-id=\"3b0ce93\" data-element_type=\"column\">\n\t\t\t<div class=\"elementor-column-wrap elementor-element-populated\">\n\t\t\t\t\t\t\t<div class=\"elementor-widget-wrap\">\n\t\t\t\t\t\t<div class=\"elementor-element elementor-element-f8e4225 elementor-widget-divider--view-line elementor-widget elementor-widget-divider\" data-id=\"f8e4225\" data-element_type=\"widget\" data-widget_type=\"divider.default\">\n\t\t\t\t<div class=\"elementor-widget-container\">\n\t\t\t\t\t<div class=\"elementor-divider\">\n\t\t\t<span class=\"elementor-divider-separator\">\n\t\t\t\t\t\t<\/span>\n\t\t<\/div>\n\t\t\t\t<\/div>\n\t\t\t\t<\/div>\n\t\t\t\t\t\t<\/div>\n\t\t\t\t\t<\/div>\n\t\t<\/div>\n\t\t\t\t\t\t\t\t<\/div>\n\t\t\t\t\t<\/div>\n\t\t<\/section>\n\t\t\t\t<section class=\"elementor-section elementor-top-section elementor-element elementor-element-0ff1357 elementor-section-boxed elementor-section-height-default elementor-section-height-default\" data-id=\"0ff1357\" data-element_type=\"section\">\n\t\t\t\t\t\t<div class=\"elementor-container elementor-column-gap-default\">\n\t\t\t\t\t\t\t<div class=\"elementor-row\">\n\t\t\t\t\t<div class=\"elementor-column elementor-col-50 elementor-top-column elementor-element elementor-element-e20ba21\" data-id=\"e20ba21\" data-element_type=\"column\">\n\t\t\t<div class=\"elementor-column-wrap elementor-element-populated\">\n\t\t\t\t\t\t\t<div class=\"elementor-widget-wrap\">\n\t\t\t\t\t\t<div class=\"elementor-element elementor-element-a8b551c elementor-widget elementor-widget-text-editor\" data-id=\"a8b551c\" data-element_type=\"widget\" data-widget_type=\"text-editor.default\">\n\t\t\t\t<div class=\"elementor-widget-container\">\n\t\t\t\t\t<div class=\"elementor-text-editor elementor-clearfix\"><p>\u0130ngiltere de ilk kez ticari bir m\u00fclk vey konut\u00a0 kiraliyor veya satin aliyorsan\u0131z, bir\u00e7ok zorlukla kar\u015f\u0131la\u015facaks\u0131n\u0131z. Bunun sebebleri aras\u0131nda, \u0130ngiltere&#8217;deki emlak acentelerinin, yaln\u0131zca sat\u0131c\u0131n\u0131n \u00e7\u0131kar\u0131na ba\u011fl\u0131 olarak \u00e7al\u0131\u015fmalar\u0131d\u0131r. \u00c7\u00fcnk\u00fc al\u0131c\u0131ya destek sa\u011flama konusunda yasal bir zorunluluklar\u0131n\u0131n olmad\u0131klar\u0131n\u0131n fark\u0131ndad\u0131rlar. Nora London, bir emlak\u00e7\u0131 de\u011fil, al\u0131c\u0131 ile i\u015fbirli\u011fi i\u00e7inde ve al\u0131c\u0131 ad\u0131na \u00e7al\u0131\u015fan, sat\u0131n alma ve kiralama konular\u0131nda gereken yard\u0131m ve pazar uzmanl\u0131\u011f\u0131 sunan, bu \u00f6zelli\u011fi ile kendisini tipik bir Birle\u015fik Krall\u0131k emlak acens\u0131ndan ay\u0131ran bir \u015firkettir.<\/p><p>Nora Londra, sadece Londra\u2019daki m\u00fc\u015fterilerini de\u011fil, \u0130ngiltere\u2019nin her yerindeki m\u00fc\u015fterilerini temsil etmektedir. Ekibimiz, m\u00fc\u015fterilerimiz i\u00e7in en iyi m\u00fclkleri\u00a0 m\u00fcmk\u00fcn olan en d\u00fc\u015f\u00fck fiyata m\u00fc\u015fterilerine kazand\u0131rmaktan\u00a0 gurur duyar. Kapali veya acik zarf usulu acik artirmalarda, pazarda bulunmayan, plan asamasinda olan yerler hakkinda da hizmet vermektedir.\u00a0<\/p><\/div>\n\t\t\t\t<\/div>\n\t\t\t\t<\/div>\n\t\t\t\t<div class=\"elementor-element elementor-element-b5d2eec elementor-widget elementor-widget-heading\" data-id=\"b5d2eec\" data-element_type=\"widget\" data-widget_type=\"heading.default\">\n\t\t\t\t<div class=\"elementor-widget-container\">\n\t\t\t<h1 class=\"elementor-heading-title elementor-size-large\">Nora Londra, M\u00fc\u015fterileri \u0130\u00e7in \u00c7al\u0131\u015f\u0131yor<\/h1>\t\t<\/div>\n\t\t\t\t<\/div>\n\t\t\t\t<div class=\"elementor-element elementor-element-33e5dfc elementor-widget elementor-widget-text-editor\" data-id=\"33e5dfc\" data-element_type=\"widget\" data-widget_type=\"text-editor.default\">\n\t\t\t\t<div class=\"elementor-widget-container\">\n\t\t\t\t\t<div class=\"elementor-text-editor elementor-clearfix\"><p>\u00d6n g\u00f6r\u00fc\u015fme sonras\u0131nda m\u00fclk aray\u0131\u015f\u0131m\u0131z ba\u015flar. Bu \u00f6n g\u00f6r\u00fc\u015fme, ihtiya\u00e7lar\u0131n\u0131z\u0131 ve \u00f6nceli\u011finizin ne oldu\u011funu tam olarak anlamam\u0131z\u0131 sa\u011flar. \u00d6n g\u00f6r\u00fc\u015fme sonras\u0131nda mutab\u0131k kal\u0131nan ve \u00e7er\u00e7evesi \u00e7izilen ihtiyaca y\u00f6nelik \u00e7al\u0131\u015fmalar hemen ba\u015flat\u0131l\u0131r. Ayr\u0131ca yerel b\u00f6lgeler, m\u00fclk stilleri, metrekare ba\u015f\u0131na fiyat de\u011ferleri ve mevcut piyasa ko\u015fullar\u0131 hakk\u0131nda da bilgilendirme yap\u0131l\u0131r.\u00a0 Bu toplant\u0131n\u0131n ard\u0131ndan, gereksinimlerinizi ve tercihlerinizi dikkate alan ger\u00e7ek\u00e7i bir arama kriteri olu\u015fturulur ve bunu sizinle payla\u015f\u0131l\u0131r. Resmi olarak pazarda olmayan m\u00fclkler de dahil olmak \u00fczere, piyasay\u0131 sizin ad\u0131n\u0131za yeterli miktarda ara\u015ft\u0131rd\u0131ktan sonra kriterlerinize en uygun olan gayrimenkul \u00f6nerisini yap\u0131l\u0131r.<\/p><\/div>\n\t\t\t\t<\/div>\n\t\t\t\t<\/div>\n\t\t\t\t<div class=\"elementor-element elementor-element-ba9e994 elementor-widget elementor-widget-image\" data-id=\"ba9e994\" data-element_type=\"widget\" data-widget_type=\"image.default\">\n\t\t\t\t<div class=\"elementor-widget-container\">\n\t\t\t\t\t<div class=\"elementor-image\">\n\t\t\t\t\t\t\t\t\t\t<img width=\"1024\" height=\"576\" src=\"https:\/\/noralondon.com\/tr\/wp-content\/uploads\/2018\/11\/slider11-kopya-1024x576.jpg\" class=\"attachment-large size-large\" alt=\"\" srcset=\"https:\/\/noralondon.com\/tr\/wp-content\/uploads\/2018\/11\/slider11-kopya-200x113.jpg 200w, https:\/\/noralondon.com\/tr\/wp-content\/uploads\/2018\/11\/slider11-kopya-300x169.jpg 300w, https:\/\/noralondon.com\/tr\/wp-content\/uploads\/2018\/11\/slider11-kopya-400x225.jpg 400w, https:\/\/noralondon.com\/tr\/wp-content\/uploads\/2018\/11\/slider11-kopya-600x338.jpg 600w, https:\/\/noralondon.com\/tr\/wp-content\/uploads\/2018\/11\/slider11-kopya-768x432.jpg 768w, https:\/\/noralondon.com\/tr\/wp-content\/uploads\/2018\/11\/slider11-kopya-800x450.jpg 800w, https:\/\/noralondon.com\/tr\/wp-content\/uploads\/2018\/11\/slider11-kopya-1024x576.jpg 1024w, https:\/\/noralondon.com\/tr\/wp-content\/uploads\/2018\/11\/slider11-kopya-1200x675.jpg 1200w, https:\/\/noralondon.com\/tr\/wp-content\/uploads\/2018\/11\/slider11-kopya.jpg 1280w\" sizes=\"(max-width: 1024px) 100vw, 1024px\" \/>\t\t\t\t\t\t\t\t\t\t\t<\/div>\n\t\t\t\t<\/div>\n\t\t\t\t<\/div>\n\t\t\t\t<div class=\"elementor-element elementor-element-ce014d7 elementor-widget elementor-widget-text-editor\" data-id=\"ce014d7\" data-element_type=\"widget\" data-widget_type=\"text-editor.default\">\n\t\t\t\t<div class=\"elementor-widget-container\">\n\t\t\t\t\t<div class=\"elementor-text-editor elementor-clearfix\"><p>Fiyat kabul edildikten sonra, sat\u0131n alma veya kiralama i\u015flemini\u00a0 tamamlayarak t\u00fcm taraflarla ba\u011flant\u0131 kurup sizin ad\u0131n\u0131za y\u00f6netiriz. Olu\u015fabilecek her t\u00fcrl\u00fc sorunun \u00e7\u00f6z\u00fclmesine yard\u0131mc\u0131 oluruz, s\u00fcrecin m\u00fcmk\u00fcn oldu\u011funca sorunsuz ve h\u0131zl\u0131 bir \u015fekilde y\u00fcr\u00fct\u00fclmesini sa\u011flar\u0131z.\u00a0 Yat\u0131r\u0131m olarak sat\u0131n al\u0131yorsan\u0131z, tam bir m\u00fclk y\u00f6netim hizmeti sa\u011flaman\u0131n g\u00fcvencemiz alt\u0131nda oldu\u011funuzu bilmenizi isteriz.<\/p><\/div>\n\t\t\t\t<\/div>\n\t\t\t\t<\/div>\n\t\t\t\t\t\t<\/div>\n\t\t\t\t\t<\/div>\n\t\t<\/div>\n\t\t\t\t<div class=\"elementor-column elementor-col-50 elementor-top-column elementor-element elementor-element-b36bf76\" data-id=\"b36bf76\" data-element_type=\"column\">\n\t\t\t<div class=\"elementor-column-wrap elementor-element-populated\">\n\t\t\t\t\t\t\t<div class=\"elementor-widget-wrap\">\n\t\t\t\t\t\t<div class=\"elementor-element elementor-element-1d02551 elementor-widget elementor-widget-image-gallery\" data-id=\"1d02551\" data-element_type=\"widget\" data-widget_type=\"image-gallery.default\">\n\t\t\t\t<div class=\"elementor-widget-container\">\n\t\t\t\t\t<div class=\"elementor-image-gallery\">\n\t\t\t\n\t\t<style type=\"text\/css\">\n\t\t\t#gallery-1 {\n\t\t\t\tmargin: auto;\n\t\t\t}\n\t\t\t#gallery-1 .gallery-item {\n\t\t\t\tfloat: left;\n\t\t\t\tmargin-top: 10px;\n\t\t\t\ttext-align: center;\n\t\t\t\twidth: 50%;\n\t\t\t}\n\t\t\t#gallery-1 img {\n\t\t\t\tborder: 2px solid #cfcfcf;\n\t\t\t}\n\t\t\t#gallery-1 .gallery-caption {\n\t\t\t\tmargin-left: 0;\n\t\t\t}\n\t\t\t\/* see gallery_shortcode() in wp-includes\/media.php *\/\n\t\t<\/style>\n\t\t<div id='gallery-1' class='gallery galleryid-56 gallery-columns-2 gallery-size-full'><dl class='gallery-item'>\n\t\t\t<dt class='gallery-icon landscape'>\n\t\t\t\t<a data-elementor-open-lightbox=\"no\" href='https:\/\/noralondon.com\/tr\/wp-content\/uploads\/2018\/11\/21-1.jpeg'><img width=\"1000\" height=\"667\" src=\"https:\/\/noralondon.com\/tr\/wp-content\/uploads\/2018\/11\/21-1.jpeg\" class=\"attachment-full size-full\" alt=\"\" srcset=\"https:\/\/noralondon.com\/tr\/wp-content\/uploads\/2018\/11\/21-1-200x133.jpeg 200w, https:\/\/noralondon.com\/tr\/wp-content\/uploads\/2018\/11\/21-1-300x200.jpeg 300w, https:\/\/noralondon.com\/tr\/wp-content\/uploads\/2018\/11\/21-1-400x267.jpeg 400w, https:\/\/noralondon.com\/tr\/wp-content\/uploads\/2018\/11\/21-1-600x400.jpeg 600w, https:\/\/noralondon.com\/tr\/wp-content\/uploads\/2018\/11\/21-1-768x512.jpeg 768w, https:\/\/noralondon.com\/tr\/wp-content\/uploads\/2018\/11\/21-1-800x534.jpeg 800w, https:\/\/noralondon.com\/tr\/wp-content\/uploads\/2018\/11\/21-1.jpeg 1000w\" sizes=\"(max-width: 1000px) 100vw, 1000px\" \/><\/a>\n\t\t\t<\/dt><\/dl><dl class='gallery-item'>\n\t\t\t<dt class='gallery-icon landscape'>\n\t\t\t\t<a data-elementor-open-lightbox=\"no no\" href='https:\/\/noralondon.com\/tr\/wp-content\/uploads\/2018\/11\/1.png'><img width=\"819\" height=\"548\" src=\"https:\/\/noralondon.com\/tr\/wp-content\/uploads\/2018\/11\/1.png\" class=\"attachment-full size-full\" alt=\"\" srcset=\"https:\/\/noralondon.com\/tr\/wp-content\/uploads\/2018\/11\/1-200x134.png 200w, https:\/\/noralondon.com\/tr\/wp-content\/uploads\/2018\/11\/1-300x201.png 300w, https:\/\/noralondon.com\/tr\/wp-content\/uploads\/2018\/11\/1-400x268.png 400w, https:\/\/noralondon.com\/tr\/wp-content\/uploads\/2018\/11\/1-600x401.png 600w, https:\/\/noralondon.com\/tr\/wp-content\/uploads\/2018\/11\/1-768x514.png 768w, https:\/\/noralondon.com\/tr\/wp-content\/uploads\/2018\/11\/1-800x535.png 800w, https:\/\/noralondon.com\/tr\/wp-content\/uploads\/2018\/11\/1.png 819w\" sizes=\"(max-width: 819px) 100vw, 819px\" \/><\/a>\n\t\t\t<\/dt><\/dl><br style=\"clear: both\" \/><dl class='gallery-item'>\n\t\t\t<dt class='gallery-icon landscape'>\n\t\t\t\t<a data-elementor-open-lightbox=\"no no no\" href='https:\/\/noralondon.com\/tr\/wp-content\/uploads\/2018\/11\/2-5.jpg'><img width=\"1000\" height=\"667\" src=\"https:\/\/noralondon.com\/tr\/wp-content\/uploads\/2018\/11\/2-5.jpg\" class=\"attachment-full size-full\" alt=\"\" srcset=\"https:\/\/noralondon.com\/tr\/wp-content\/uploads\/2018\/11\/2-5-200x133.jpg 200w, https:\/\/noralondon.com\/tr\/wp-content\/uploads\/2018\/11\/2-5-300x200.jpg 300w, https:\/\/noralondon.com\/tr\/wp-content\/uploads\/2018\/11\/2-5-400x267.jpg 400w, https:\/\/noralondon.com\/tr\/wp-content\/uploads\/2018\/11\/2-5-600x400.jpg 600w, https:\/\/noralondon.com\/tr\/wp-content\/uploads\/2018\/11\/2-5-768x512.jpg 768w, https:\/\/noralondon.com\/tr\/wp-content\/uploads\/2018\/11\/2-5-800x534.jpg 800w, https:\/\/noralondon.com\/tr\/wp-content\/uploads\/2018\/11\/2-5.jpg 1000w\" sizes=\"(max-width: 1000px) 100vw, 1000px\" \/><\/a>\n\t\t\t<\/dt><\/dl><dl class='gallery-item'>\n\t\t\t<dt class='gallery-icon landscape'>\n\t\t\t\t<a data-elementor-open-lightbox=\"no no no no\" href='https:\/\/noralondon.com\/tr\/wp-content\/uploads\/2018\/11\/4-4.jpg'><img width=\"1000\" height=\"667\" src=\"https:\/\/noralondon.com\/tr\/wp-content\/uploads\/2018\/11\/4-4.jpg\" class=\"attachment-full size-full\" alt=\"\" srcset=\"https:\/\/noralondon.com\/tr\/wp-content\/uploads\/2018\/11\/4-4-200x133.jpg 200w, https:\/\/noralondon.com\/tr\/wp-content\/uploads\/2018\/11\/4-4-300x200.jpg 300w, https:\/\/noralondon.com\/tr\/wp-content\/uploads\/2018\/11\/4-4-400x267.jpg 400w, https:\/\/noralondon.com\/tr\/wp-content\/uploads\/2018\/11\/4-4-600x400.jpg 600w, https:\/\/noralondon.com\/tr\/wp-content\/uploads\/2018\/11\/4-4-768x512.jpg 768w, https:\/\/noralondon.com\/tr\/wp-content\/uploads\/2018\/11\/4-4-800x534.jpg 800w, https:\/\/noralondon.com\/tr\/wp-content\/uploads\/2018\/11\/4-4.jpg 1000w\" sizes=\"(max-width: 1000px) 100vw, 1000px\" \/><\/a>\n\t\t\t<\/dt><\/dl><br style=\"clear: both\" \/>\n\t\t<\/div>\n\t\t<\/div>\n\t\t\t\t<\/div>\n\t\t\t\t<\/div>\n\t\t\t\t<div class=\"elementor-element elementor-element-ccf44df elementor-widget elementor-widget-text-editor\" data-id=\"ccf44df\" data-element_type=\"widget\" data-widget_type=\"text-editor.default\">\n\t\t\t\t<div class=\"elementor-widget-container\">\n\t\t\t\t\t<div class=\"elementor-text-editor elementor-clearfix\"><p>Do\u011fru m\u00fclk bulundu\u011funda, m\u00fclk de\u011feri ve m\u00fczakere taktikleri hakk\u0131nda \u00f6nerilerde bulunulur ve g\u00f6r\u00fc\u015fmeler sizin ad\u0131n\u0131za yap\u0131l\u0131r. M\u00fcmk\u00fcn olan en d\u00fc\u015f\u00fck fiyat\u0131 kabul ederek m\u00fclkiyet sahibi olman\u0131z sa\u011flan\u0131r.<\/p><\/div>\n\t\t\t\t<\/div>\n\t\t\t\t<\/div>\n\t\t\t\t\t\t<\/div>\n\t\t\t\t\t<\/div>\n\t\t<\/div>\n\t\t\t\t\t\t\t\t<\/div>\n\t\t\t\t\t<\/div>\n\t\t<\/section>\n\t\t\t\t<section class=\"elementor-section elementor-top-section elementor-element elementor-element-8f82cb0 elementor-section-boxed elementor-section-height-default elementor-section-height-default\" data-id=\"8f82cb0\" data-element_type=\"section\">\n\t\t\t\t\t\t<div class=\"elementor-container elementor-column-gap-default\">\n\t\t\t\t\t\t\t<div class=\"elementor-row\">\n\t\t\t\t\t<div class=\"elementor-column elementor-col-100 elementor-top-column elementor-element elementor-element-0a694fd\" data-id=\"0a694fd\" data-element_type=\"column\">\n\t\t\t<div class=\"elementor-column-wrap elementor-element-populated\">\n\t\t\t\t\t\t\t<div class=\"elementor-widget-wrap\">\n\t\t\t\t\t\t<div class=\"elementor-element elementor-element-16614ce elementor-widget-divider--view-line elementor-widget elementor-widget-divider\" data-id=\"16614ce\" data-element_type=\"widget\" data-widget_type=\"divider.default\">\n\t\t\t\t<div class=\"elementor-widget-container\">\n\t\t\t\t\t<div class=\"elementor-divider\">\n\t\t\t<span class=\"elementor-divider-separator\">\n\t\t\t\t\t\t<\/span>\n\t\t<\/div>\n\t\t\t\t<\/div>\n\t\t\t\t<\/div>\n\t\t\t\t\t\t<\/div>\n\t\t\t\t\t<\/div>\n\t\t<\/div>\n\t\t\t\t\t\t\t\t<\/div>\n\t\t\t\t\t<\/div>\n\t\t<\/section>\n\t\t\t\t<section class=\"elementor-section elementor-top-section elementor-element elementor-element-c5585fb elementor-section-boxed elementor-section-height-default elementor-section-height-default\" data-id=\"c5585fb\" data-element_type=\"section\">\n\t\t\t\t\t\t<div class=\"elementor-container elementor-column-gap-default\">\n\t\t\t\t\t\t\t<div class=\"elementor-row\">\n\t\t\t\t\t<div class=\"elementor-column elementor-col-50 elementor-top-column elementor-element elementor-element-7e3d05c\" data-id=\"7e3d05c\" data-element_type=\"column\">\n\t\t\t<div class=\"elementor-column-wrap elementor-element-populated\">\n\t\t\t\t\t\t\t<div class=\"elementor-widget-wrap\">\n\t\t\t\t\t\t<div class=\"elementor-element elementor-element-43b5cbe elementor-widget elementor-widget-heading\" data-id=\"43b5cbe\" data-element_type=\"widget\" data-widget_type=\"heading.default\">\n\t\t\t\t<div class=\"elementor-widget-container\">\n\t\t\t<h1 class=\"elementor-heading-title elementor-size-large\">Hizmet Bedelimiz<\/h1>\t\t<\/div>\n\t\t\t\t<\/div>\n\t\t\t\t\t\t<\/div>\n\t\t\t\t\t<\/div>\n\t\t<\/div>\n\t\t\t\t<div class=\"elementor-column elementor-col-50 elementor-top-column elementor-element elementor-element-ed5ffe6\" data-id=\"ed5ffe6\" data-element_type=\"column\">\n\t\t\t<div class=\"elementor-column-wrap\">\n\t\t\t\t\t\t\t<div class=\"elementor-widget-wrap\">\n\t\t\t\t\t\t\t\t<\/div>\n\t\t\t\t\t<\/div>\n\t\t<\/div>\n\t\t\t\t\t\t\t\t<\/div>\n\t\t\t\t\t<\/div>\n\t\t<\/section>\n\t\t\t\t<section class=\"elementor-section elementor-top-section elementor-element elementor-element-02c0a85 elementor-section-boxed elementor-section-height-default elementor-section-height-default\" data-id=\"02c0a85\" data-element_type=\"section\">\n\t\t\t\t\t\t<div class=\"elementor-container elementor-column-gap-default\">\n\t\t\t\t\t\t\t<div class=\"elementor-row\">\n\t\t\t\t\t<div class=\"elementor-column elementor-col-100 elementor-top-column elementor-element elementor-element-e51b526\" data-id=\"e51b526\" data-element_type=\"column\">\n\t\t\t<div class=\"elementor-column-wrap elementor-element-populated\">\n\t\t\t\t\t\t\t<div class=\"elementor-widget-wrap\">\n\t\t\t\t\t\t<div class=\"elementor-element elementor-element-2f3adad elementor-widget elementor-widget-text-editor\" data-id=\"2f3adad\" data-element_type=\"widget\" data-widget_type=\"text-editor.default\">\n\t\t\t\t<div class=\"elementor-widget-container\">\n\t\t\t\t\t<div class=\"elementor-text-editor elementor-clearfix\"><p>\u0130lk g\u00f6r\u00fc\u015fmemizin ard\u0131ndan, Nora London ile devam etmeye karar verirseniz, kiralamalar i\u00e7in hedeflenen b\u00fct\u00e7enin 1\/3\u2019\u00fc ve sat\u0131n almalar i\u00e7in \u00a3 1.500 art\u0131 KDV \u00f6n odeme al\u0131n\u0131r. Bu \u00f6n \u00f6deme ba\u015far\u0131 priminden mahsup edilir.<\/p><\/div>\n\t\t\t\t<\/div>\n\t\t\t\t<\/div>\n\t\t\t\t\t\t<\/div>\n\t\t\t\t\t<\/div>\n\t\t<\/div>\n\t\t\t\t\t\t\t\t<\/div>\n\t\t\t\t\t<\/div>\n\t\t<\/section>\n\t\t\t\t<section class=\"elementor-section elementor-top-section elementor-element elementor-element-f1f2caa elementor-section-boxed elementor-section-height-default elementor-section-height-default\" data-id=\"f1f2caa\" data-element_type=\"section\">\n\t\t\t\t\t\t<div class=\"elementor-container elementor-column-gap-default\">\n\t\t\t\t\t\t\t<div class=\"elementor-row\">\n\t\t\t\t\t<div class=\"elementor-column elementor-col-50 elementor-top-column elementor-element elementor-element-88032f7\" data-id=\"88032f7\" data-element_type=\"column\">\n\t\t\t<div class=\"elementor-column-wrap elementor-element-populated\">\n\t\t\t\t\t\t\t<div class=\"elementor-widget-wrap\">\n\t\t\t\t\t\t<div class=\"elementor-element elementor-element-beadbe4 elementor-widget elementor-widget-text-editor\" data-id=\"beadbe4\" data-element_type=\"widget\" data-widget_type=\"text-editor.default\">\n\t\t\t\t<div class=\"elementor-widget-container\">\n\t\t\t\t\t<div class=\"elementor-text-editor elementor-clearfix\"><p>\u00a3 2 mio&#8217;ya kadar: Sat\u0131n alma fiyat\u0131n\u0131n% 2&#8217;si<\/p><p>\u00a3 2 mio\u2013 5 mio \u00a3:Sat\u0131n alma fiyat\u0131n\u0131n% 1,75<\/p><p>\u00a3 5 mio: Sat\u0131n alma fiyat\u0131n\u0131n% 1.5&#8217;i<\/p><p>\u00a0<\/p><\/div>\n\t\t\t\t<\/div>\n\t\t\t\t<\/div>\n\t\t\t\t\t\t<\/div>\n\t\t\t\t\t<\/div>\n\t\t<\/div>\n\t\t\t\t<div class=\"elementor-column elementor-col-50 elementor-top-column elementor-element elementor-element-28a5f1d\" data-id=\"28a5f1d\" data-element_type=\"column\">\n\t\t\t<div class=\"elementor-column-wrap elementor-element-populated\">\n\t\t\t\t\t\t\t<div class=\"elementor-widget-wrap\">\n\t\t\t\t\t\t<div class=\"elementor-element elementor-element-e571d8c elementor-widget elementor-widget-text-editor\" data-id=\"e571d8c\" data-element_type=\"widget\" data-widget_type=\"text-editor.default\">\n\t\t\t\t<div class=\"elementor-widget-container\">\n\t\t\t\t\t<div class=\"elementor-text-editor elementor-clearfix\"><p>Ba\u015far\u0131 \u00dccreti Kiralama Fiyat\u0131na G\u00f6re :<\/p><p>Konut \u0130\u00e7in 1 ayl\u0131k kiralama bedeli (minimum \u00fccret \u00a3 1.500 + KDV)<\/p><p>Ticari \u00dcniteler i\u00e7in 1 ayl\u0131k kiralama bedeli (minimum \u00fccret \u00a3 3.000 + KDV)<\/p><p><strong>\u00a0<\/strong><\/p><\/div>\n\t\t\t\t<\/div>\n\t\t\t\t<\/div>\n\t\t\t\t\t\t<\/div>\n\t\t\t\t\t<\/div>\n\t\t<\/div>\n\t\t\t\t\t\t\t\t<\/div>\n\t\t\t\t\t<\/div>\n\t\t<\/section>\n\t\t\t\t\t\t<\/div>\n\t\t\t\t\t\t<\/div>\n\t\t\t\t\t<\/div>\n\t\t","protected":false},"excerpt":{"rendered":"<p>En Ba\u015f\u0131ndan \u0130tibaren Sizlerle \u0130ngiltere de ilk kez ticari bir [&hellip;]<\/p>\n","protected":false},"author":1,"featured_media":0,"parent":0,"menu_order":0,"comment_status":"closed","ping_status":"closed","template":"","meta":[],"_links":{"self":[{"href":"https:\/\/noralondon.com\/tr\/wp-json\/wp\/v2\/pages\/56"}],"collection":[{"href":"https:\/\/noralondon.com\/tr\/wp-json\/wp\/v2\/pages"}],"about":[{"href":"https:\/\/noralondon.com\/tr\/wp-json\/wp\/v2\/types\/page"}],"author":[{"embeddable":true,"href":"https:\/\/noralondon.com\/tr\/wp-json\/wp\/v2\/users\/1"}],"replies":[{"embeddable":true,"href":"https:\/\/noralondon.com\/tr\/wp-json\/wp\/v2\/comments?post=56"}],"version-history":[{"count":38,"href":"https:\/\/noralondon.com\/tr\/wp-json\/wp\/v2\/pages\/56\/revisions"}],"predecessor-version":[{"id":2369,"href":"https:\/\/noralondon.com\/tr\/wp-json\/wp\/v2\/pages\/56\/revisions\/2369"}],"wp:attachment":[{"href":"https:\/\/noralondon.com\/tr\/wp-json\/wp\/v2\/media?parent=56"}],"curies":[{"name":"wp","href":"https:\/\/api.w.org\/{rel}","templated":true}]}}