{"id":1434,"date":"2018-12-01T23:57:24","date_gmt":"2018-12-01T20:57:24","guid":{"rendered":"https:\/\/noralondon.com\/tr\/?page_id=1434"},"modified":"2019-02-15T02:05:19","modified_gmt":"2019-02-14T23:05:19","slug":"relocation","status":"publish","type":"page","link":"https:\/\/noralondon.com\/tr\/relocation\/","title":{"rendered":"Relocation"},"content":{"rendered":"\t\t<div data-elementor-type=\"wp-post\" data-elementor-id=\"1434\" class=\"elementor elementor-1434 elementor-bc-flex-widget\" data-elementor-settings=\"[]\">\n\t\t\t\t\t\t<div class=\"elementor-inner\">\n\t\t\t\t\t\t\t<div class=\"elementor-section-wrap\">\n\t\t\t\t\t\t\t<section class=\"elementor-section elementor-top-section elementor-element elementor-element-438ae81 elementor-section-boxed elementor-section-height-default elementor-section-height-default\" data-id=\"438ae81\" data-element_type=\"section\">\n\t\t\t\t\t\t<div class=\"elementor-container elementor-column-gap-default\">\n\t\t\t\t\t\t\t<div class=\"elementor-row\">\n\t\t\t\t\t<div class=\"elementor-column elementor-col-100 elementor-top-column elementor-element elementor-element-a0084c4\" data-id=\"a0084c4\" data-element_type=\"column\">\n\t\t\t<div class=\"elementor-column-wrap elementor-element-populated\">\n\t\t\t\t\t\t\t<div class=\"elementor-widget-wrap\">\n\t\t\t\t\t\t<div class=\"elementor-element elementor-element-9516e78 elementor-widget elementor-widget-heading\" data-id=\"9516e78\" data-element_type=\"widget\" data-widget_type=\"heading.default\">\n\t\t\t\t<div class=\"elementor-widget-container\">\n\t\t\t<h1 class=\"elementor-heading-title elementor-size-large\">Yeni Evinize Ta\u015f\u0131nmak<\/h1>\t\t<\/div>\n\t\t\t\t<\/div>\n\t\t\t\t\t\t<\/div>\n\t\t\t\t\t<\/div>\n\t\t<\/div>\n\t\t\t\t\t\t\t\t<\/div>\n\t\t\t\t\t<\/div>\n\t\t<\/section>\n\t\t\t\t<section class=\"elementor-section elementor-top-section elementor-element elementor-element-70973c7 elementor-section-boxed elementor-section-height-default elementor-section-height-default\" data-id=\"70973c7\" data-element_type=\"section\">\n\t\t\t\t\t\t<div class=\"elementor-container elementor-column-gap-default\">\n\t\t\t\t\t\t\t<div class=\"elementor-row\">\n\t\t\t\t\t<div class=\"elementor-column elementor-col-100 elementor-top-column elementor-element elementor-element-5a6fc8e\" data-id=\"5a6fc8e\" data-element_type=\"column\">\n\t\t\t<div class=\"elementor-column-wrap elementor-element-populated\">\n\t\t\t\t\t\t\t<div class=\"elementor-widget-wrap\">\n\t\t\t\t\t\t<div class=\"elementor-element elementor-element-d85bbe7 elementor-widget-divider--view-line elementor-widget elementor-widget-divider\" data-id=\"d85bbe7\" data-element_type=\"widget\" data-widget_type=\"divider.default\">\n\t\t\t\t<div class=\"elementor-widget-container\">\n\t\t\t\t\t<div class=\"elementor-divider\">\n\t\t\t<span class=\"elementor-divider-separator\">\n\t\t\t\t\t\t<\/span>\n\t\t<\/div>\n\t\t\t\t<\/div>\n\t\t\t\t<\/div>\n\t\t\t\t\t\t<\/div>\n\t\t\t\t\t<\/div>\n\t\t<\/div>\n\t\t\t\t\t\t\t\t<\/div>\n\t\t\t\t\t<\/div>\n\t\t<\/section>\n\t\t\t\t<section class=\"elementor-section elementor-top-section elementor-element elementor-element-7e05578 elementor-section-boxed elementor-section-height-default elementor-section-height-default\" data-id=\"7e05578\" data-element_type=\"section\">\n\t\t\t\t\t\t<div class=\"elementor-container elementor-column-gap-default\">\n\t\t\t\t\t\t\t<div class=\"elementor-row\">\n\t\t\t\t\t<div class=\"elementor-column elementor-col-50 elementor-top-column elementor-element elementor-element-9916745\" data-id=\"9916745\" data-element_type=\"column\">\n\t\t\t<div class=\"elementor-column-wrap elementor-element-populated\">\n\t\t\t\t\t\t\t<div class=\"elementor-widget-wrap\">\n\t\t\t\t\t\t<div class=\"elementor-element elementor-element-434395e elementor-widget elementor-widget-text-editor\" data-id=\"434395e\" data-element_type=\"widget\" data-widget_type=\"text-editor.default\">\n\t\t\t\t<div class=\"elementor-widget-container\">\n\t\t\t\t\t<div class=\"elementor-text-editor elementor-clearfix\"><p>\u00dclkenizdeki ya\u015fam ile \u0130ngiltere&#8217;deki ya\u015fam aras\u0131ndaki farkl\u0131l\u0131klardan &#8211; \u00f6zellikle konut yerle\u015fimleri, e\u011fitim ve sosyo- k\u00fclt\u00fcrel \u2013 dolayi yer de\u011fi\u015ftirme s\u00fcrecinin her ad\u0131m\u0131nda, hem deneyimimizi hem de \u0130ngilterdeki temaslar\u0131m\u0131z\u0131 ve bilgilerimizi sizlerle de payla\u015f\u0131yoruz. Kolay ve sorunsuz bir intibak i\u00e7in ihtiyac\u0131n\u0131z olan t\u00fcm rehberlik deste\u011fini sa\u011fl\u0131yoruz.<\/p><\/div>\n\t\t\t\t<\/div>\n\t\t\t\t<\/div>\n\t\t\t\t<div class=\"elementor-element elementor-element-763a674 elementor-widget elementor-widget-heading\" data-id=\"763a674\" data-element_type=\"widget\" data-widget_type=\"heading.default\">\n\t\t\t\t<div class=\"elementor-widget-container\">\n\t\t\t<h1 class=\"elementor-heading-title elementor-size-large\">Nora Londra, Kendi Kasabana Ta\u015f\u0131nd\u0131\u011f\u0131n\u0131z\u0131n Hissini Veriyor<\/h1>\t\t<\/div>\n\t\t\t\t<\/div>\n\t\t\t\t<div class=\"elementor-element elementor-element-c418dc1 elementor-widget elementor-widget-image\" data-id=\"c418dc1\" data-element_type=\"widget\" data-widget_type=\"image.default\">\n\t\t\t\t<div class=\"elementor-widget-container\">\n\t\t\t\t\t<div class=\"elementor-image\">\n\t\t\t\t\t\t\t\t\t\t<img width=\"1440\" height=\"810\" src=\"https:\/\/noralondon.com\/tr\/wp-content\/uploads\/2018\/11\/london.jpg\" class=\"attachment-full size-full\" alt=\"\" srcset=\"https:\/\/noralondon.com\/tr\/wp-content\/uploads\/2018\/11\/london-200x113.jpg 200w, https:\/\/noralondon.com\/tr\/wp-content\/uploads\/2018\/11\/london-300x169.jpg 300w, https:\/\/noralondon.com\/tr\/wp-content\/uploads\/2018\/11\/london-400x225.jpg 400w, https:\/\/noralondon.com\/tr\/wp-content\/uploads\/2018\/11\/london-600x338.jpg 600w, https:\/\/noralondon.com\/tr\/wp-content\/uploads\/2018\/11\/london-768x432.jpg 768w, https:\/\/noralondon.com\/tr\/wp-content\/uploads\/2018\/11\/london-800x450.jpg 800w, https:\/\/noralondon.com\/tr\/wp-content\/uploads\/2018\/11\/london-1024x576.jpg 1024w, https:\/\/noralondon.com\/tr\/wp-content\/uploads\/2018\/11\/london-1200x675.jpg 1200w, https:\/\/noralondon.com\/tr\/wp-content\/uploads\/2018\/11\/london.jpg 1440w\" sizes=\"(max-width: 1440px) 100vw, 1440px\" \/>\t\t\t\t\t\t\t\t\t\t\t<\/div>\n\t\t\t\t<\/div>\n\t\t\t\t<\/div>\n\t\t\t\t\t\t<\/div>\n\t\t\t\t\t<\/div>\n\t\t<\/div>\n\t\t\t\t<div class=\"elementor-column elementor-col-50 elementor-top-column elementor-element elementor-element-5df3e19\" data-id=\"5df3e19\" data-element_type=\"column\">\n\t\t\t<div class=\"elementor-column-wrap elementor-element-populated\">\n\t\t\t\t\t\t\t<div class=\"elementor-widget-wrap\">\n\t\t\t\t\t\t<div class=\"elementor-element elementor-element-c6208af elementor-widget elementor-widget-image-gallery\" data-id=\"c6208af\" data-element_type=\"widget\" data-widget_type=\"image-gallery.default\">\n\t\t\t\t<div class=\"elementor-widget-container\">\n\t\t\t\t\t<div class=\"elementor-image-gallery\">\n\t\t\t\n\t\t<style type=\"text\/css\">\n\t\t\t#gallery-1 {\n\t\t\t\tmargin: auto;\n\t\t\t}\n\t\t\t#gallery-1 .gallery-item {\n\t\t\t\tfloat: left;\n\t\t\t\tmargin-top: 10px;\n\t\t\t\ttext-align: center;\n\t\t\t\twidth: 50%;\n\t\t\t}\n\t\t\t#gallery-1 img {\n\t\t\t\tborder: 2px solid #cfcfcf;\n\t\t\t}\n\t\t\t#gallery-1 .gallery-caption {\n\t\t\t\tmargin-left: 0;\n\t\t\t}\n\t\t\t\/* see gallery_shortcode() in wp-includes\/media.php *\/\n\t\t<\/style>\n\t\t<div id='gallery-1' class='gallery galleryid-1434 gallery-columns-2 gallery-size-full'><dl class='gallery-item'>\n\t\t\t<dt class='gallery-icon landscape'>\n\t\t\t\t<img width=\"1000\" height=\"667\" src=\"https:\/\/noralondon.com\/tr\/wp-content\/uploads\/2018\/11\/21-1.jpeg\" class=\"attachment-full size-full\" alt=\"\" srcset=\"https:\/\/noralondon.com\/tr\/wp-content\/uploads\/2018\/11\/21-1-200x133.jpeg 200w, https:\/\/noralondon.com\/tr\/wp-content\/uploads\/2018\/11\/21-1-300x200.jpeg 300w, https:\/\/noralondon.com\/tr\/wp-content\/uploads\/2018\/11\/21-1-400x267.jpeg 400w, https:\/\/noralondon.com\/tr\/wp-content\/uploads\/2018\/11\/21-1-600x400.jpeg 600w, https:\/\/noralondon.com\/tr\/wp-content\/uploads\/2018\/11\/21-1-768x512.jpeg 768w, https:\/\/noralondon.com\/tr\/wp-content\/uploads\/2018\/11\/21-1-800x534.jpeg 800w, https:\/\/noralondon.com\/tr\/wp-content\/uploads\/2018\/11\/21-1.jpeg 1000w\" sizes=\"(max-width: 1000px) 100vw, 1000px\" \/>\n\t\t\t<\/dt><\/dl><dl class='gallery-item'>\n\t\t\t<dt class='gallery-icon landscape'>\n\t\t\t\t<img width=\"1000\" height=\"666\" src=\"https:\/\/noralondon.com\/tr\/wp-content\/uploads\/2018\/11\/22-1.jpeg\" class=\"attachment-full size-full\" alt=\"\" srcset=\"https:\/\/noralondon.com\/tr\/wp-content\/uploads\/2018\/11\/22-1-200x133.jpeg 200w, https:\/\/noralondon.com\/tr\/wp-content\/uploads\/2018\/11\/22-1-300x200.jpeg 300w, https:\/\/noralondon.com\/tr\/wp-content\/uploads\/2018\/11\/22-1-400x266.jpeg 400w, https:\/\/noralondon.com\/tr\/wp-content\/uploads\/2018\/11\/22-1-600x400.jpeg 600w, https:\/\/noralondon.com\/tr\/wp-content\/uploads\/2018\/11\/22-1-768x511.jpeg 768w, https:\/\/noralondon.com\/tr\/wp-content\/uploads\/2018\/11\/22-1-800x533.jpeg 800w, https:\/\/noralondon.com\/tr\/wp-content\/uploads\/2018\/11\/22-1.jpeg 1000w\" sizes=\"(max-width: 1000px) 100vw, 1000px\" \/>\n\t\t\t<\/dt><\/dl><br style=\"clear: both\" \/><dl class='gallery-item'>\n\t\t\t<dt class='gallery-icon landscape'>\n\t\t\t\t<img width=\"819\" height=\"548\" src=\"https:\/\/noralondon.com\/tr\/wp-content\/uploads\/2018\/11\/1.png\" class=\"attachment-full size-full\" alt=\"\" srcset=\"https:\/\/noralondon.com\/tr\/wp-content\/uploads\/2018\/11\/1-200x134.png 200w, https:\/\/noralondon.com\/tr\/wp-content\/uploads\/2018\/11\/1-300x201.png 300w, https:\/\/noralondon.com\/tr\/wp-content\/uploads\/2018\/11\/1-400x268.png 400w, https:\/\/noralondon.com\/tr\/wp-content\/uploads\/2018\/11\/1-600x401.png 600w, https:\/\/noralondon.com\/tr\/wp-content\/uploads\/2018\/11\/1-768x514.png 768w, https:\/\/noralondon.com\/tr\/wp-content\/uploads\/2018\/11\/1-800x535.png 800w, https:\/\/noralondon.com\/tr\/wp-content\/uploads\/2018\/11\/1.png 819w\" sizes=\"(max-width: 819px) 100vw, 819px\" \/>\n\t\t\t<\/dt><\/dl><dl class='gallery-item'>\n\t\t\t<dt class='gallery-icon landscape'>\n\t\t\t\t<img width=\"1000\" height=\"667\" src=\"https:\/\/noralondon.com\/tr\/wp-content\/uploads\/2018\/11\/23-6.jpg\" class=\"attachment-full size-full\" alt=\"\" srcset=\"https:\/\/noralondon.com\/tr\/wp-content\/uploads\/2018\/11\/23-6-200x133.jpg 200w, https:\/\/noralondon.com\/tr\/wp-content\/uploads\/2018\/11\/23-6-300x200.jpg 300w, https:\/\/noralondon.com\/tr\/wp-content\/uploads\/2018\/11\/23-6-400x267.jpg 400w, https:\/\/noralondon.com\/tr\/wp-content\/uploads\/2018\/11\/23-6-600x400.jpg 600w, https:\/\/noralondon.com\/tr\/wp-content\/uploads\/2018\/11\/23-6-768x512.jpg 768w, https:\/\/noralondon.com\/tr\/wp-content\/uploads\/2018\/11\/23-6-800x534.jpg 800w, https:\/\/noralondon.com\/tr\/wp-content\/uploads\/2018\/11\/23-6.jpg 1000w\" sizes=\"(max-width: 1000px) 100vw, 1000px\" \/>\n\t\t\t<\/dt><\/dl><br style=\"clear: both\" \/>\n\t\t<\/div>\n\t\t<\/div>\n\t\t\t\t<\/div>\n\t\t\t\t<\/div>\n\t\t\t\t<div class=\"elementor-element elementor-element-1fa2b6d elementor-widget elementor-widget-text-editor\" data-id=\"1fa2b6d\" data-element_type=\"widget\" data-widget_type=\"text-editor.default\">\n\t\t\t\t<div class=\"elementor-widget-container\">\n\t\t\t\t\t<div class=\"elementor-text-editor elementor-clearfix\"><p>\u0130ngiltere&#8217;ye, \u00f6zellikle, de Londraya ta\u015f\u0131nmak olduk\u00e7a zor olabilir. Londray\u0131 d\u0131\u015ftan i\u00e7e tan\u0131yan ta\u015f\u0131nma ekibimiz ve basit ve tutarl\u0131 bir deneyim ya\u015faman\u0131z\u0131 sa\u011flayarak ta\u015f\u0131nman\u0131z\u0131 ba\u015ftan sona takip edip y\u00f6netecektir.<\/p><p>Ta\u015f\u0131nmay\u0131 sizler i\u00e7in kolayla\u015ft\u0131rmak ad\u0131na, sizin ihtiya\u00e7lar\u0131n\u0131z\u0131 ve \u00f6nceliklerinizi anlamak i\u00e7in en ba\u015f\u0131ndan gerekli zaman\u0131 ay\u0131r\u0131yor ve sonras\u0131nda b\u00fct\u00e7enize uygun t\u00fcm okul ve m\u00fclk se\u00e7enekleri hakk\u0131nda tavsiyelerde bulunuyoruz.<\/p><\/div>\n\t\t\t\t<\/div>\n\t\t\t\t<\/div>\n\t\t\t\t\t\t<\/div>\n\t\t\t\t\t<\/div>\n\t\t<\/div>\n\t\t\t\t\t\t\t\t<\/div>\n\t\t\t\t\t<\/div>\n\t\t<\/section>\n\t\t\t\t<section class=\"elementor-section elementor-top-section elementor-element elementor-element-2bccff8 elementor-section-boxed elementor-section-height-default elementor-section-height-default\" data-id=\"2bccff8\" data-element_type=\"section\">\n\t\t\t\t\t\t<div class=\"elementor-container elementor-column-gap-default\">\n\t\t\t\t\t\t\t<div class=\"elementor-row\">\n\t\t\t\t\t<div class=\"elementor-column elementor-col-50 elementor-top-column elementor-element elementor-element-668a645\" data-id=\"668a645\" data-element_type=\"column\">\n\t\t\t<div class=\"elementor-column-wrap\">\n\t\t\t\t\t\t\t<div class=\"elementor-widget-wrap\">\n\t\t\t\t\t\t\t\t<\/div>\n\t\t\t\t\t<\/div>\n\t\t<\/div>\n\t\t\t\t<div class=\"elementor-column elementor-col-50 elementor-top-column elementor-element elementor-element-c9a0e0f\" data-id=\"c9a0e0f\" data-element_type=\"column\">\n\t\t\t<div class=\"elementor-column-wrap\">\n\t\t\t\t\t\t\t<div class=\"elementor-widget-wrap\">\n\t\t\t\t\t\t\t\t<\/div>\n\t\t\t\t\t<\/div>\n\t\t<\/div>\n\t\t\t\t\t\t\t\t<\/div>\n\t\t\t\t\t<\/div>\n\t\t<\/section>\n\t\t\t\t\t\t<\/div>\n\t\t\t\t\t\t<\/div>\n\t\t\t\t\t<\/div>\n\t\t","protected":false},"excerpt":{"rendered":"<p>Yeni Evinize Ta\u015f\u0131nmak \u00dclkenizdeki ya\u015fam ile \u0130ngiltere&#8217;deki ya\u015fam aras\u0131ndaki farkl\u0131l\u0131klardan [&hellip;]<\/p>\n","protected":false},"author":1,"featured_media":0,"parent":0,"menu_order":0,"comment_status":"closed","ping_status":"closed","template":"","meta":[],"_links":{"self":[{"href":"https:\/\/noralondon.com\/tr\/wp-json\/wp\/v2\/pages\/1434"}],"collection":[{"href":"https:\/\/noralondon.com\/tr\/wp-json\/wp\/v2\/pages"}],"about":[{"href":"https:\/\/noralondon.com\/tr\/wp-json\/wp\/v2\/types\/page"}],"author":[{"embeddable":true,"href":"https:\/\/noralondon.com\/tr\/wp-json\/wp\/v2\/users\/1"}],"replies":[{"embeddable":true,"href":"https:\/\/noralondon.com\/tr\/wp-json\/wp\/v2\/comments?post=1434"}],"version-history":[{"count":11,"href":"https:\/\/noralondon.com\/tr\/wp-json\/wp\/v2\/pages\/1434\/revisions"}],"predecessor-version":[{"id":2337,"href":"https:\/\/noralondon.com\/tr\/wp-json\/wp\/v2\/pages\/1434\/revisions\/2337"}],"wp:attachment":[{"href":"https:\/\/noralondon.com\/tr\/wp-json\/wp\/v2\/media?parent=1434"}],"curies":[{"name":"wp","href":"https:\/\/api.w.org\/{rel}","templated":true}]}}